{"id":4844,"date":"2025-07-16T13:22:13","date_gmt":"2025-07-16T11:22:13","guid":{"rendered":"https:\/\/curachildrensfoundation.org\/himmel-der-traeume-thun-schweiz\/"},"modified":"2025-07-16T13:52:40","modified_gmt":"2025-07-16T11:52:40","slug":"himmel-der-traeume-thun-schweiz","status":"publish","type":"page","link":"https:\/\/curachildrensfoundation.org\/de\/himmel-der-traeume-thun-schweiz\/","title":{"rendered":"Himmel der Tr\u00e4ume \u2013 Thun, Schweiz"},"content":{"rendered":"\t\t<div data-elementor-type=\"wp-page\" data-elementor-id=\"4844\" class=\"elementor elementor-4844 elementor-4808\" data-elementor-post-type=\"page\">\n\t\t\t\t\t\t<section class=\"elementor-section elementor-top-section elementor-element elementor-element-8b4aa74 elementor-section-height-min-height elementor-hidden-phone elementor-section-boxed elementor-section-height-default elementor-section-items-middle\" data-id=\"8b4aa74\" data-element_type=\"section\" data-settings=\"{&quot;background_background&quot;:&quot;classic&quot;}\">\n\t\t\t\t\t\t<div class=\"elementor-container elementor-column-gap-default\">\n\t\t\t\t\t<div class=\"elementor-column elementor-col-100 elementor-top-column elementor-element elementor-element-4ef7a8d\" data-id=\"4ef7a8d\" data-element_type=\"column\">\n\t\t\t<div class=\"elementor-widget-wrap\">\n\t\t\t\t\t\t\t<\/div>\n\t\t<\/div>\n\t\t\t\t\t<\/div>\n\t\t<\/section>\n\t\t\t\t<section class=\"elementor-section elementor-top-section elementor-element elementor-element-d8a14ba elementor-section-full_width elementor-section-height-default elementor-section-height-default\" data-id=\"d8a14ba\" data-element_type=\"section\">\n\t\t\t\t\t\t<div class=\"elementor-container elementor-column-gap-no\">\n\t\t\t\t\t<div class=\"elementor-column elementor-col-66 elementor-top-column elementor-element elementor-element-20bc3d2\" data-id=\"20bc3d2\" data-element_type=\"column\">\n\t\t\t<div class=\"elementor-widget-wrap elementor-element-populated\">\n\t\t\t\t\t\t<div class=\"elementor-element elementor-element-7601f0a elementor-hidden-phone elementor-widget-divider--view-line elementor-widget elementor-widget-divider\" data-id=\"7601f0a\" data-element_type=\"widget\" data-widget_type=\"divider.default\">\n\t\t\t\t<div class=\"elementor-widget-container\">\n\t\t\t\t\t\t\t<div class=\"elementor-divider\">\n\t\t\t<span class=\"elementor-divider-separator\">\n\t\t\t\t\t\t<\/span>\n\t\t<\/div>\n\t\t\t\t\t\t<\/div>\n\t\t\t\t<\/div>\n\t\t\t\t<div class=\"elementor-element elementor-element-4ae5fa8 elementor-widget elementor-widget-heading\" data-id=\"4ae5fa8\" data-element_type=\"widget\" data-widget_type=\"heading.default\">\n\t\t\t\t<div class=\"elementor-widget-container\">\n\t\t\t\t\t<h3 class=\"elementor-heading-title elementor-size-default\">Spezial Projekt<\/h3>\t\t\t\t<\/div>\n\t\t\t\t<\/div>\n\t\t\t\t<div class=\"elementor-element elementor-element-0723307 elementor-hidden-desktop elementor-hidden-tablet elementor-widget elementor-widget-image\" data-id=\"0723307\" data-element_type=\"widget\" data-widget_type=\"image.default\">\n\t\t\t\t<div class=\"elementor-widget-container\">\n\t\t\t\t\t\t\t\t\t\t\t\t\t\t\t<img decoding=\"async\" src=\"https:\/\/curachildrensfoundation.org\/wp-content\/uploads\/2025\/07\/plane-1-scaled.jpg\" title=\"\" alt=\"\" loading=\"lazy\" \/>\t\t\t\t\t\t\t\t\t\t\t\t\t\t\t<\/div>\n\t\t\t\t<\/div>\n\t\t\t\t<div class=\"elementor-element elementor-element-8111720 elementor-widget elementor-widget-text-editor\" data-id=\"8111720\" data-element_type=\"widget\" data-widget_type=\"text-editor.default\">\n\t\t\t\t<div class=\"elementor-widget-container\">\n\t\t\t\t\t\t\t\t\t<p>Cura erf\u00fcllt gemeinsam mit der Make-A-Wish Stiftung den Herzenswunsch des 12-j\u00e4hrigen Mark, der an Bauchspeicheldr\u00fcsenkrebs leidet: ein Flug mit seiner Schwester in einem Kleinflugzeug \u00fcber die Schweiz \u2013 inklusive Cockpit-Erlebnis. Ein erf\u00fcllter W\u00fcnsch hat eine starke therapeutische Wirkung f\u00fcr ein krankes Kind. Der CHF 5.000 Flug wurde dank des 2024er GoFunds der Cura Glacier 3000 L\u00e4ufer m\u00f6glich gemacht.   <\/p>\t\t\t\t\t\t\t\t<\/div>\n\t\t\t\t<\/div>\n\t\t\t\t<div class=\"elementor-element elementor-element-607fe0d elementor-widget elementor-widget-heading\" data-id=\"607fe0d\" data-element_type=\"widget\" data-widget_type=\"heading.default\">\n\t\t\t\t<div class=\"elementor-widget-container\">\n\t\t\t\t\t<h2 class=\"elementor-heading-title elementor-size-default\">Vielen Dank - jeder noch so kleiner Betrag z\u00e4hlt!<\/h2>\t\t\t\t<\/div>\n\t\t\t\t<\/div>\n\t\t\t\t\t<\/div>\n\t\t<\/div>\n\t\t\t\t<div class=\"elementor-column elementor-col-33 elementor-top-column elementor-element elementor-element-ee795a5\" data-id=\"ee795a5\" data-element_type=\"column\" data-settings=\"{&quot;background_background&quot;:&quot;classic&quot;}\">\n\t\t\t<div class=\"elementor-widget-wrap elementor-element-populated\">\n\t\t\t\t\t\t<div class=\"elementor-element elementor-element-25f84b2 elementor-widget elementor-widget-shortcode\" data-id=\"25f84b2\" data-element_type=\"widget\" data-widget_type=\"shortcode.default\">\n\t\t\t\t<div class=\"elementor-widget-container\">\n\t\t\t\t\t\t\t<div class=\"elementor-shortcode\"><style type=\"text\/css\" media=\"screen\">\n@media only screen and (max-width: 768px) {\n\t.campaign-loop.campaign-grid.masonry { -moz-column-count: 1; -webkit-column-count: 1; column-count: 1; }\n\t.campaign-loop.campaign-grid .campaign,.campaign-loop.campaign-grid .campaign.hentry { width: 100% !important; }\n}\n<\/style>\n\t\t<ol class=\"campaign-loop campaign-grid campaign-grid-2\">\n\n<li id=\"campaign-4843\" class=\"post-4843 campaign type-campaign status-publish has-post-thumbnail hentry campaign-has-goal campaign-has-not-achieved-goal campaign-is-endless\">\n\t<a href=\"https:\/\/curachildrensfoundation.org\/de\/campaigns\/himmel-der-traeume-thun-schweiz\/\">\n\t\t<img fetchpriority=\"high\" decoding=\"async\" width=\"300\" height=\"195\" src=\"https:\/\/curachildrensfoundation.org\/wp-content\/uploads\/2023\/09\/Cura-graph-transparent-300x195.png\" class=\"attachment-medium size-medium\" alt=\"\" srcset=\"https:\/\/curachildrensfoundation.org\/wp-content\/uploads\/2023\/09\/Cura-graph-transparent-300x195.png 300w, https:\/\/curachildrensfoundation.org\/wp-content\/uploads\/2023\/09\/Cura-graph-transparent-1024x667.png 1024w, https:\/\/curachildrensfoundation.org\/wp-content\/uploads\/2023\/09\/Cura-graph-transparent-768x500.png 768w, https:\/\/curachildrensfoundation.org\/wp-content\/uploads\/2023\/09\/Cura-graph-transparent.png 1100w\" sizes=\"(max-width: 300px) 100vw, 300px\" \/>\n\t\t<h3>Himmel der Tr\u00e4ume \u2013 Thun, Schweiz<\/h3>\n\n\t\t\t<\/a>\n\t<div class=\"campaign-description\">\n\t<\/div>\n<div class=\"campaign-progress-bar\" role=\"progressbar\" aria-valuemin=\"0\" aria-valuemax=\"100\" aria-valuenow=\"0\"><span class=\"bar\" style=\"width: 0%;\"><\/span><\/div>\n<div class=\"campaign-donation-stats\">\n<span class=\"amount\">&#67;&#72;&#70;&nbsp;0.00<\/span> von <span class=\"goal-amount\">&#67;&#72;&#70;&nbsp;5,000.00<\/span> erreicht<\/div>\n<div class=\"campaign-donation\">\n\t<a data-trigger-modal=\"charitable-donation-form-modal-loop\"\n\t\tdata-campaign-id=\"4843\"\n\t\tclass=\"button charitable-button donate-button button-primary\"\n\t\thref=\"https:\/\/curachildrensfoundation.org\/de\/campaigns\/himmel-der-traeume-thun-schweiz\/donate\/\"\n\t\t\t\taria-label=\"Spenden Sie an Himmel der Tr\u00e4ume \u2013 Thun, Schweiz\">\n\t\tSpenden\t<\/a>\n<\/div>\n<\/li>\n<\/ol>\n<\/div>\n\t\t\t\t\t\t<\/div>\n\t\t\t\t<\/div>\n\t\t\t\t\t<\/div>\n\t\t<\/div>\n\t\t\t\t\t<\/div>\n\t\t<\/section>\n\t\t\t\t<section class=\"elementor-section elementor-top-section elementor-element elementor-element-98dbd4d elementor-section-boxed elementor-section-height-default elementor-section-height-default\" data-id=\"98dbd4d\" data-element_type=\"section\">\n\t\t\t\t\t\t<div class=\"elementor-container elementor-column-gap-default\">\n\t\t\t\t\t<div class=\"elementor-column elementor-col-25 elementor-top-column elementor-element elementor-element-b1250a1 elementor-hidden-phone\" data-id=\"b1250a1\" data-element_type=\"column\">\n\t\t\t<div class=\"elementor-widget-wrap\">\n\t\t\t\t\t\t\t<\/div>\n\t\t<\/div>\n\t\t\t\t<div class=\"elementor-column elementor-col-50 elementor-top-column elementor-element elementor-element-8695479\" data-id=\"8695479\" data-element_type=\"column\">\n\t\t\t<div class=\"elementor-widget-wrap elementor-element-populated\">\n\t\t\t\t\t\t<section class=\"elementor-section elementor-inner-section elementor-element elementor-element-ca276df elementor-section-full_width elementor-section-height-default elementor-section-height-default\" data-id=\"ca276df\" data-element_type=\"section\">\n\t\t\t\t\t\t<div class=\"elementor-container elementor-column-gap-no\">\n\t\t\t\t\t<div class=\"elementor-column elementor-col-50 elementor-inner-column elementor-element elementor-element-f4069ed\" data-id=\"f4069ed\" data-element_type=\"column\">\n\t\t\t<div class=\"elementor-widget-wrap elementor-element-populated\">\n\t\t\t\t\t\t<div class=\"elementor-element elementor-element-26aeca8 elementor-widget elementor-widget-heading\" data-id=\"26aeca8\" data-element_type=\"widget\" data-widget_type=\"heading.default\">\n\t\t\t\t<div class=\"elementor-widget-container\">\n\t\t\t\t\t<span class=\"elementor-heading-title elementor-size-default\">Teilen Sie diese Sache, w\u00e4hlen Sie Ihre Plattform!<\/span>\t\t\t\t<\/div>\n\t\t\t\t<\/div>\n\t\t\t\t\t<\/div>\n\t\t<\/div>\n\t\t\t\t<div class=\"elementor-column elementor-col-50 elementor-inner-column elementor-element elementor-element-a40cd34\" data-id=\"a40cd34\" data-element_type=\"column\">\n\t\t\t<div class=\"elementor-widget-wrap elementor-element-populated\">\n\t\t\t\t\t\t<div class=\"elementor-element elementor-element-c14d196 elementor-share-buttons--view-icon elementor-share-buttons--align-left elementor-share-buttons-mobile--align-center elementor-share-buttons--skin-gradient elementor-share-buttons--shape-square elementor-grid-0 elementor-share-buttons--color-official elementor-widget elementor-widget-share-buttons\" data-id=\"c14d196\" data-element_type=\"widget\" data-widget_type=\"share-buttons.default\">\n\t\t\t\t<div class=\"elementor-widget-container\">\n\t\t\t\t\t\t\t<div class=\"elementor-grid\" role=\"list\">\n\t\t\t\t\t\t\t\t<div class=\"elementor-grid-item\" role=\"listitem\">\n\t\t\t\t\t\t<div class=\"elementor-share-btn elementor-share-btn_facebook\" role=\"button\" tabindex=\"0\" aria-label=\"Teilen auf facebook\">\n\t\t\t\t\t\t\t\t\t\t\t\t\t\t\t<span class=\"elementor-share-btn__icon\">\n\t\t\t\t\t\t\t\t<i class=\"fab fa-facebook\" aria-hidden=\"true\"><\/i>\t\t\t\t\t\t\t<\/span>\n\t\t\t\t\t\t\t\t\t\t\t\t\t\t\t\t\t\t\t\t<\/div>\n\t\t\t\t\t<\/div>\n\t\t\t\t\t\t\t\t\t<div class=\"elementor-grid-item\" role=\"listitem\">\n\t\t\t\t\t\t<div class=\"elementor-share-btn elementor-share-btn_twitter\" role=\"button\" tabindex=\"0\" aria-label=\"Teilen auf twitter\">\n\t\t\t\t\t\t\t\t\t\t\t\t\t\t\t<span class=\"elementor-share-btn__icon\">\n\t\t\t\t\t\t\t\t<i class=\"fab fa-twitter\" aria-hidden=\"true\"><\/i>\t\t\t\t\t\t\t<\/span>\n\t\t\t\t\t\t\t\t\t\t\t\t\t\t\t\t\t\t\t\t<\/div>\n\t\t\t\t\t<\/div>\n\t\t\t\t\t\t\t\t\t<div class=\"elementor-grid-item\" role=\"listitem\">\n\t\t\t\t\t\t<div class=\"elementor-share-btn elementor-share-btn_linkedin\" role=\"button\" tabindex=\"0\" aria-label=\"Teilen auf linkedin\">\n\t\t\t\t\t\t\t\t\t\t\t\t\t\t\t<span class=\"elementor-share-btn__icon\">\n\t\t\t\t\t\t\t\t<i class=\"fab fa-linkedin\" aria-hidden=\"true\"><\/i>\t\t\t\t\t\t\t<\/span>\n\t\t\t\t\t\t\t\t\t\t\t\t\t\t\t\t\t\t\t\t<\/div>\n\t\t\t\t\t<\/div>\n\t\t\t\t\t\t\t\t\t<div class=\"elementor-grid-item\" role=\"listitem\">\n\t\t\t\t\t\t<div class=\"elementor-share-btn elementor-share-btn_email\" role=\"button\" tabindex=\"0\" aria-label=\"Teilen auf email\">\n\t\t\t\t\t\t\t\t\t\t\t\t\t\t\t<span class=\"elementor-share-btn__icon\">\n\t\t\t\t\t\t\t\t<i class=\"fas fa-envelope\" aria-hidden=\"true\"><\/i>\t\t\t\t\t\t\t<\/span>\n\t\t\t\t\t\t\t\t\t\t\t\t\t\t\t\t\t\t\t\t<\/div>\n\t\t\t\t\t<\/div>\n\t\t\t\t\t\t<\/div>\n\t\t\t\t\t\t<\/div>\n\t\t\t\t<\/div>\n\t\t\t\t\t<\/div>\n\t\t<\/div>\n\t\t\t\t\t<\/div>\n\t\t<\/section>\n\t\t\t\t\t<\/div>\n\t\t<\/div>\n\t\t\t\t<div class=\"elementor-column elementor-col-25 elementor-top-column elementor-element elementor-element-7df19eb elementor-hidden-phone\" data-id=\"7df19eb\" data-element_type=\"column\">\n\t\t\t<div class=\"elementor-widget-wrap\">\n\t\t\t\t\t\t\t<\/div>\n\t\t<\/div>\n\t\t\t\t\t<\/div>\n\t\t<\/section>\n\t\t\t\t<\/div>\n\t\t","protected":false},"excerpt":{"rendered":"<p>Spezial Projekt Cura erf\u00fcllt gemeinsam mit der Make-A-Wish Stiftung den Herzenswunsch des 12-j\u00e4hrigen Mark, der an Bauchspeicheldr\u00fcsenkrebs leidet: ein Flug mit seiner Schwester in einem Kleinflugzeug \u00fcber die Schweiz \u2013 inklusive Cockpit-Erlebnis. Ein erf\u00fcllter W\u00fcnsch hat eine starke therapeutische Wirkung f\u00fcr ein krankes Kind. Der CHF 5.000 Flug wurde dank des 2024er GoFunds der Cura [&hellip;]<\/p>\n","protected":false},"author":1,"featured_media":0,"parent":0,"menu_order":0,"comment_status":"closed","ping_status":"closed","template":"elementor_header_footer","meta":{"footnotes":""},"class_list":["post-4844","page","type-page","status-publish","hentry","campaign-has-goal","campaign-has-not-achieved-goal","campaign-is-endless"],"_links":{"self":[{"href":"https:\/\/curachildrensfoundation.org\/de\/wp-json\/wp\/v2\/pages\/4844","targetHints":{"allow":["GET"]}}],"collection":[{"href":"https:\/\/curachildrensfoundation.org\/de\/wp-json\/wp\/v2\/pages"}],"about":[{"href":"https:\/\/curachildrensfoundation.org\/de\/wp-json\/wp\/v2\/types\/page"}],"author":[{"embeddable":true,"href":"https:\/\/curachildrensfoundation.org\/de\/wp-json\/wp\/v2\/users\/1"}],"replies":[{"embeddable":true,"href":"https:\/\/curachildrensfoundation.org\/de\/wp-json\/wp\/v2\/comments?post=4844"}],"version-history":[{"count":4,"href":"https:\/\/curachildrensfoundation.org\/de\/wp-json\/wp\/v2\/pages\/4844\/revisions"}],"predecessor-version":[{"id":4848,"href":"https:\/\/curachildrensfoundation.org\/de\/wp-json\/wp\/v2\/pages\/4844\/revisions\/4848"}],"wp:attachment":[{"href":"https:\/\/curachildrensfoundation.org\/de\/wp-json\/wp\/v2\/media?parent=4844"}],"curies":[{"name":"wp","href":"https:\/\/api.w.org\/{rel}","templated":true}]}}