{"id":4289,"date":"2025-03-31T09:41:48","date_gmt":"2025-03-31T07:41:48","guid":{"rendered":"https:\/\/curachildrensfoundation.org\/cura-childrens-inclusions-camp-iv-saanenmoeser-schweiz\/"},"modified":"2025-11-19T17:56:44","modified_gmt":"2025-11-19T16:56:44","slug":"cura-childrens-inklusions-camp-iv-saanenmoeser-schweiz","status":"publish","type":"page","link":"https:\/\/curachildrensfoundation.org\/de\/cura-childrens-inklusions-camp-iv-saanenmoeser-schweiz\/","title":{"rendered":"Cura Children\u2019s Inklusions Camp IV &#8211; Saanenm\u00f6ser, Schweiz"},"content":{"rendered":"\t\t<div data-elementor-type=\"wp-page\" data-elementor-id=\"4289\" class=\"elementor elementor-4289 elementor-4281\" data-elementor-post-type=\"page\">\n\t\t\t\t\t\t<section class=\"elementor-section elementor-top-section elementor-element elementor-element-a595845 elementor-section-height-min-height elementor-hidden-phone elementor-section-boxed elementor-section-height-default elementor-section-items-middle\" data-id=\"a595845\" data-element_type=\"section\" data-settings=\"{&quot;background_background&quot;:&quot;classic&quot;}\">\n\t\t\t\t\t\t<div class=\"elementor-container elementor-column-gap-default\">\n\t\t\t\t\t<div class=\"elementor-column elementor-col-100 elementor-top-column elementor-element elementor-element-2fdfec3\" data-id=\"2fdfec3\" data-element_type=\"column\">\n\t\t\t<div class=\"elementor-widget-wrap\">\n\t\t\t\t\t\t\t<\/div>\n\t\t<\/div>\n\t\t\t\t\t<\/div>\n\t\t<\/section>\n\t\t\t\t<section class=\"elementor-section elementor-top-section elementor-element elementor-element-2adef51 elementor-section-full_width elementor-section-height-default elementor-section-height-default\" data-id=\"2adef51\" data-element_type=\"section\">\n\t\t\t\t\t\t<div class=\"elementor-container elementor-column-gap-no\">\n\t\t\t\t\t<div class=\"elementor-column elementor-col-66 elementor-top-column elementor-element elementor-element-25a8ba6\" data-id=\"25a8ba6\" data-element_type=\"column\">\n\t\t\t<div class=\"elementor-widget-wrap elementor-element-populated\">\n\t\t\t\t\t\t<div class=\"elementor-element elementor-element-e0c0e2b elementor-hidden-phone elementor-widget-divider--view-line elementor-widget elementor-widget-divider\" data-id=\"e0c0e2b\" data-element_type=\"widget\" data-widget_type=\"divider.default\">\n\t\t\t\t<div class=\"elementor-widget-container\">\n\t\t\t\t\t\t\t<div class=\"elementor-divider\">\n\t\t\t<span class=\"elementor-divider-separator\">\n\t\t\t\t\t\t<\/span>\n\t\t<\/div>\n\t\t\t\t\t\t<\/div>\n\t\t\t\t<\/div>\n\t\t\t\t<div class=\"elementor-element elementor-element-9f69197 elementor-widget elementor-widget-heading\" data-id=\"9f69197\" data-element_type=\"widget\" data-widget_type=\"heading.default\">\n\t\t\t\t<div class=\"elementor-widget-container\">\n\t\t\t\t\t<h3 class=\"elementor-heading-title elementor-size-default\">Wieder \u00f6ffnen wir unsere T\u00fcren f\u00fcr Inklusion in den Bergen<\/h3>\t\t\t\t<\/div>\n\t\t\t\t<\/div>\n\t\t\t\t<div class=\"elementor-element elementor-element-720a12e elementor-hidden-desktop elementor-hidden-tablet elementor-widget elementor-widget-image\" data-id=\"720a12e\" data-element_type=\"widget\" data-widget_type=\"image.default\">\n\t\t\t\t<div class=\"elementor-widget-container\">\n\t\t\t\t\t\t\t\t\t\t\t\t\t\t\t<img fetchpriority=\"high\" decoding=\"async\" width=\"768\" height=\"578\" src=\"https:\/\/curachildrensfoundation.org\/wp-content\/uploads\/2025\/03\/9427cdbe-b79d-4b06-b3b0-13480eb3b09a-copy-768x578.jpg\" class=\"attachment-medium_large size-medium_large wp-image-4398\" alt=\"\" srcset=\"https:\/\/curachildrensfoundation.org\/wp-content\/uploads\/2025\/03\/9427cdbe-b79d-4b06-b3b0-13480eb3b09a-copy-768x578.jpg 768w, https:\/\/curachildrensfoundation.org\/wp-content\/uploads\/2025\/03\/9427cdbe-b79d-4b06-b3b0-13480eb3b09a-copy-300x226.jpg 300w, https:\/\/curachildrensfoundation.org\/wp-content\/uploads\/2025\/03\/9427cdbe-b79d-4b06-b3b0-13480eb3b09a-copy-1024x771.jpg 1024w, https:\/\/curachildrensfoundation.org\/wp-content\/uploads\/2025\/03\/9427cdbe-b79d-4b06-b3b0-13480eb3b09a-copy-1536x1157.jpg 1536w, https:\/\/curachildrensfoundation.org\/wp-content\/uploads\/2025\/03\/9427cdbe-b79d-4b06-b3b0-13480eb3b09a-copy.jpg 2040w\" sizes=\"(max-width: 768px) 100vw, 768px\" \/>\t\t\t\t\t\t\t\t\t\t\t\t\t\t\t<\/div>\n\t\t\t\t<\/div>\n\t\t\t\t<div class=\"elementor-element elementor-element-23c593a elementor-widget elementor-widget-text-editor\" data-id=\"23c593a\" data-element_type=\"widget\" data-widget_type=\"text-editor.default\">\n\t\t\t\t<div class=\"elementor-widget-container\">\n\t\t\t\t\t\t\t\t\t<p>Wir freuen uns wieder sehr, eine Gruppe von etwa 10 Kinder (im Alter von 8-14 Jahren) zu dem <strong>zum vierten Mal stattfindenden Inklusions Camp IV<\/strong> begr\u00fc\u00dfen zu d\u00fcrfen. Ein Feriencamp an einem besonderen Ort, an dem jedes Kind, unabh\u00e4ngig von seinen F\u00e4higkeiten, angenommen, unterst\u00fctzt und anerkannt wird.<\/p><p>Eingebettet in die atemberaubende Sch\u00f6nheit der Schweizer Berge, soll dieses Camp ein <strong>echtes Zugeh\u00f6rigkeitsgef\u00fchl<\/strong> vermitteln. Ein sicherer Ort, an dem Kinder mit Beeintr\u00e4chtigungen und\/oder Neurodivergenzen sich entfalten, Freundschaften schlie\u00dfen und die Freude an gemeinsamen Abenteuern erleben k\u00f6nnen. Gleichzeitig helfen wir Kindern ohne Einschr\u00e4nkungen zu lernen, mit den <strong>unterschiedlichen F\u00e4higkeiten ihrer Altersgenossen umzugehen und diese zu sch\u00e4tzen.<\/strong><\/p><p>In unserem Camp ist Inklusion mehr als nur ein Konzept &#8211; es ist unsere Lebenseinstellung. Jedes Kind nimmt an den gleichen Aktivit\u00e4ten teil, mit individueller Unterst\u00fctzung, um sicherzustellen, <strong>dass sich alle voll engagieren, wachsen und gemeinsam Spa\u00df haben k\u00f6nnen.<\/strong><\/p><p>W\u00e4hrend der Woche werden die Camper eine Vielzahl von spannenden Aktivit\u00e4ten erleben, z.B.:<\/p><p style=\"padding-left: 40px;\">\ud83c\udf3f <b>Kunst &amp; Handwerk<\/b> &#8211; eine Chance f\u00fcr die Kreativit\u00e4t zu erbl\u00fchen<br \/>\ud83c\udfca\u200d\u2642\ufe0f <b>Schwimmen in Bergseen<\/b> &#8211; erfrischend und vertrauensf\u00f6rdernd<br \/>\ud83d\udc34 <b>Ein Tag im Pferdestall<\/b> &#8211; Bindung mit sanften und therapeutischen Tieren<br \/>\u26bd <b>Fu\u00dfballtraining <\/b>&#8211; Teamwork und Geschicklichkeits\u00fcbungen f\u00fcr alle F\u00e4higkeiten<br \/>\ud83d\udd25 <b>Lagerfeuer &amp; Geschichtenerz\u00e4hlen<\/b> &#8211; Verbindung, Spa\u00df und Erinnerungen schaffen<\/p><p><strong>Mit leidenschaftlichen Sozialp\u00e4dagogen, unserem engagierten freiwilligem Betreuungsteam und einer Atmosph\u00e4re der Ermutigung<\/strong> ist das Cura Children&#8217;s Inklusions Camp IV ein Ort, an dem Grenzen verschwinden, Freundschaften gedeihen und <strong>jedes Kind die Magie des Abenteuers und der Akzeptanz erleben kann.<\/strong><\/p><p>Wir freuen uns auf eine weitere unvergessliche Woche voller Lachen und grenzenloser M\u00f6glichkeiten!<\/p>\t\t\t\t\t\t\t\t<\/div>\n\t\t\t\t<\/div>\n\t\t\t\t<div class=\"elementor-element elementor-element-4042607 elementor-widget elementor-widget-text-editor\" data-id=\"4042607\" data-element_type=\"widget\" data-widget_type=\"text-editor.default\">\n\t\t\t\t<div class=\"elementor-widget-container\">\n\t\t\t\t\t\t\t\t\t<p><b>Aktivit\u00e4ten, Unterkunft und Verpflegung<\/b><\/p>\t\t\t\t\t\t\t\t<\/div>\n\t\t\t\t<\/div>\n\t\t\t\t<div class=\"elementor-element elementor-element-c351d6a elementor-widget elementor-widget-text-editor\" data-id=\"c351d6a\" data-element_type=\"widget\" data-widget_type=\"text-editor.default\">\n\t\t\t\t<div class=\"elementor-widget-container\">\n\t\t\t\t\t\t\t\t\t<table><tbody><tr><td>Fussball Training<\/td><td>\u00a0<\/td><\/tr><tr><td>BBQ am Fluss<\/td><td>\u00a0<\/td><\/tr><tr><td>Outdoor Spiele und Picknicks<\/td><td>\u00a0<\/td><\/tr><tr><td><p>Backen bei earlybeck<\/p><\/td><td>\u00a0<\/td><\/tr><tr><td>Besuch der K\u00e4segrotte<\/td><td>\u00a0<\/td><\/tr><tr><td>Seilpark Zweisimmen<\/td><td>\u00a0<\/td><\/tr><tr><td><p>Kunst Workshop<\/p><\/td><td>\u00a0<\/td><\/tr><tr><td><p>5 \u00dcbernachtungen auf Bergh\u00fctte<\/p><\/td><td>\u00a0<\/td><\/tr><tr><td><p>Verpflegung<\/p><\/td><td>\u00a0<\/td><\/tr><tr><td><p><strong>GESAMT<\/strong><\/p><\/td><td><p><strong> 4&#8217;500 CHF<\/strong><\/p><\/td><\/tr><\/tbody><\/table>\t\t\t\t\t\t\t\t<\/div>\n\t\t\t\t<\/div>\n\t\t\t\t<div class=\"elementor-element elementor-element-c01bb50 elementor-widget elementor-widget-heading\" data-id=\"c01bb50\" data-element_type=\"widget\" data-widget_type=\"heading.default\">\n\t\t\t\t<div class=\"elementor-widget-container\">\n\t\t\t\t\t<h2 class=\"elementor-heading-title elementor-size-default\">Vielen Dank - jeder noch so kleiner Betrag z\u00e4hlt!<\/h2>\t\t\t\t<\/div>\n\t\t\t\t<\/div>\n\t\t\t\t\t<\/div>\n\t\t<\/div>\n\t\t\t\t<div class=\"elementor-column elementor-col-33 elementor-top-column elementor-element elementor-element-a86c23c\" data-id=\"a86c23c\" data-element_type=\"column\" data-settings=\"{&quot;background_background&quot;:&quot;classic&quot;}\">\n\t\t\t<div class=\"elementor-widget-wrap elementor-element-populated\">\n\t\t\t\t\t\t<div class=\"elementor-element elementor-element-7b9caa5 elementor-widget elementor-widget-shortcode\" data-id=\"7b9caa5\" data-element_type=\"widget\" data-widget_type=\"shortcode.default\">\n\t\t\t\t<div class=\"elementor-widget-container\">\n\t\t\t\t\t\t\t<div class=\"elementor-shortcode\"><style type=\"text\/css\" media=\"screen\">\n@media only screen and (max-width: 768px) {\n\t.campaign-loop.campaign-grid.masonry { -moz-column-count: 1; -webkit-column-count: 1; column-count: 1; }\n\t.campaign-loop.campaign-grid .campaign,.campaign-loop.campaign-grid .campaign.hentry { width: 100% !important; }\n}\n<\/style>\n\t\t<ol class=\"campaign-loop campaign-grid campaign-grid-2\">\n\n<li id=\"campaign-4324\" class=\"post-4324 campaign type-campaign status-publish has-post-thumbnail hentry campaign-has-goal campaign-has-achieved-goal campaign-is-endless\">\n\t<a href=\"https:\/\/curachildrensfoundation.org\/de\/campaigns\/cura-childrens-inklusions-camp-iv-saanenmoeser-schweiz\/\">\n\t\t<img decoding=\"async\" width=\"300\" height=\"195\" src=\"https:\/\/curachildrensfoundation.org\/wp-content\/uploads\/2023\/09\/Cura-graph-transparent-300x195.png\" class=\"attachment-medium size-medium\" alt=\"\" srcset=\"https:\/\/curachildrensfoundation.org\/wp-content\/uploads\/2023\/09\/Cura-graph-transparent-300x195.png 300w, https:\/\/curachildrensfoundation.org\/wp-content\/uploads\/2023\/09\/Cura-graph-transparent-1024x667.png 1024w, https:\/\/curachildrensfoundation.org\/wp-content\/uploads\/2023\/09\/Cura-graph-transparent-768x500.png 768w, https:\/\/curachildrensfoundation.org\/wp-content\/uploads\/2023\/09\/Cura-graph-transparent.png 1100w\" sizes=\"(max-width: 300px) 100vw, 300px\" \/>\n\t\t<h3>Cura Children\u2019s Inklusions Camp IV \u2013 Saanenm\u00f6ser, Schweiz<\/h3>\n\n\t\t\t<\/a>\n\t<div class=\"campaign-description\">\n\t<\/div>\n<div class=\"campaign-progress-bar\" role=\"progressbar\" aria-valuemin=\"0\" aria-valuemax=\"100\" aria-valuenow=\"100.22222222222\"><span class=\"bar\" style=\"width: 100.22222222222%;\"><\/span><\/div>\n<div class=\"campaign-donation-stats\">\n<span class=\"amount\">&#67;&#72;&#70;&nbsp;4,510.00<\/span> von <span class=\"goal-amount\">&#67;&#72;&#70;&nbsp;4,500.00<\/span> erreicht<\/div>\n<div class=\"campaign-donation\">\n\t<a data-trigger-modal=\"charitable-donation-form-modal-loop\"\n\t\tdata-campaign-id=\"4324\"\n\t\tclass=\"button charitable-button donate-button button-primary\"\n\t\thref=\"https:\/\/curachildrensfoundation.org\/de\/campaigns\/cura-childrens-inklusions-camp-iv-saanenmoeser-schweiz\/donate\/\"\n\t\t\t\taria-label=\"Spenden Sie an Cura Children\u2019s Inklusions Camp IV \u2013 Saanenm\u00f6ser, Schweiz\">\n\t\tSpenden\t<\/a>\n<\/div>\n<\/li>\n<\/ol>\n<\/div>\n\t\t\t\t\t\t<\/div>\n\t\t\t\t<\/div>\n\t\t\t\t\t<\/div>\n\t\t<\/div>\n\t\t\t\t\t<\/div>\n\t\t<\/section>\n\t\t\t\t<section class=\"elementor-section elementor-top-section elementor-element elementor-element-eb7a0b5 elementor-section-boxed elementor-section-height-default elementor-section-height-default\" data-id=\"eb7a0b5\" data-element_type=\"section\">\n\t\t\t\t\t\t<div class=\"elementor-container elementor-column-gap-default\">\n\t\t\t\t\t<div class=\"elementor-column elementor-col-25 elementor-top-column elementor-element elementor-element-7f15c17 elementor-hidden-phone\" data-id=\"7f15c17\" data-element_type=\"column\">\n\t\t\t<div class=\"elementor-widget-wrap\">\n\t\t\t\t\t\t\t<\/div>\n\t\t<\/div>\n\t\t\t\t<div class=\"elementor-column elementor-col-50 elementor-top-column elementor-element elementor-element-becc848\" data-id=\"becc848\" data-element_type=\"column\">\n\t\t\t<div class=\"elementor-widget-wrap elementor-element-populated\">\n\t\t\t\t\t\t<section class=\"elementor-section elementor-inner-section elementor-element elementor-element-fbb91e5 elementor-section-full_width elementor-section-height-default elementor-section-height-default\" data-id=\"fbb91e5\" data-element_type=\"section\">\n\t\t\t\t\t\t<div class=\"elementor-container elementor-column-gap-no\">\n\t\t\t\t\t<div class=\"elementor-column elementor-col-50 elementor-inner-column elementor-element elementor-element-0841adb\" data-id=\"0841adb\" data-element_type=\"column\">\n\t\t\t<div class=\"elementor-widget-wrap elementor-element-populated\">\n\t\t\t\t\t\t<div class=\"elementor-element elementor-element-f571676 elementor-widget elementor-widget-heading\" data-id=\"f571676\" data-element_type=\"widget\" data-widget_type=\"heading.default\">\n\t\t\t\t<div class=\"elementor-widget-container\">\n\t\t\t\t\t<span class=\"elementor-heading-title elementor-size-default\">Teilen Sie diese Sache, w\u00e4hlen Sie Ihre Plattform!<\/span>\t\t\t\t<\/div>\n\t\t\t\t<\/div>\n\t\t\t\t\t<\/div>\n\t\t<\/div>\n\t\t\t\t<div class=\"elementor-column elementor-col-50 elementor-inner-column elementor-element elementor-element-48fa34d\" data-id=\"48fa34d\" data-element_type=\"column\">\n\t\t\t<div class=\"elementor-widget-wrap elementor-element-populated\">\n\t\t\t\t\t\t<div class=\"elementor-element elementor-element-2bd740c elementor-share-buttons--view-icon elementor-share-buttons--align-left elementor-share-buttons-mobile--align-center elementor-share-buttons--skin-gradient elementor-share-buttons--shape-square elementor-grid-0 elementor-share-buttons--color-official elementor-widget elementor-widget-share-buttons\" data-id=\"2bd740c\" data-element_type=\"widget\" data-widget_type=\"share-buttons.default\">\n\t\t\t\t<div class=\"elementor-widget-container\">\n\t\t\t\t\t\t\t<div class=\"elementor-grid\" role=\"list\">\n\t\t\t\t\t\t\t\t<div class=\"elementor-grid-item\" role=\"listitem\">\n\t\t\t\t\t\t<div class=\"elementor-share-btn elementor-share-btn_facebook\" role=\"button\" tabindex=\"0\" aria-label=\"Teilen auf facebook\">\n\t\t\t\t\t\t\t\t\t\t\t\t\t\t\t<span class=\"elementor-share-btn__icon\">\n\t\t\t\t\t\t\t\t<i class=\"fab fa-facebook\" aria-hidden=\"true\"><\/i>\t\t\t\t\t\t\t<\/span>\n\t\t\t\t\t\t\t\t\t\t\t\t\t\t\t\t\t\t\t\t<\/div>\n\t\t\t\t\t<\/div>\n\t\t\t\t\t\t\t\t\t<div class=\"elementor-grid-item\" role=\"listitem\">\n\t\t\t\t\t\t<div class=\"elementor-share-btn elementor-share-btn_twitter\" role=\"button\" tabindex=\"0\" aria-label=\"Teilen auf twitter\">\n\t\t\t\t\t\t\t\t\t\t\t\t\t\t\t<span class=\"elementor-share-btn__icon\">\n\t\t\t\t\t\t\t\t<i class=\"fab fa-twitter\" aria-hidden=\"true\"><\/i>\t\t\t\t\t\t\t<\/span>\n\t\t\t\t\t\t\t\t\t\t\t\t\t\t\t\t\t\t\t\t<\/div>\n\t\t\t\t\t<\/div>\n\t\t\t\t\t\t\t\t\t<div class=\"elementor-grid-item\" role=\"listitem\">\n\t\t\t\t\t\t<div class=\"elementor-share-btn elementor-share-btn_linkedin\" role=\"button\" tabindex=\"0\" aria-label=\"Teilen auf linkedin\">\n\t\t\t\t\t\t\t\t\t\t\t\t\t\t\t<span class=\"elementor-share-btn__icon\">\n\t\t\t\t\t\t\t\t<i class=\"fab fa-linkedin\" aria-hidden=\"true\"><\/i>\t\t\t\t\t\t\t<\/span>\n\t\t\t\t\t\t\t\t\t\t\t\t\t\t\t\t\t\t\t\t<\/div>\n\t\t\t\t\t<\/div>\n\t\t\t\t\t\t\t\t\t<div class=\"elementor-grid-item\" role=\"listitem\">\n\t\t\t\t\t\t<div class=\"elementor-share-btn elementor-share-btn_email\" role=\"button\" tabindex=\"0\" aria-label=\"Teilen auf email\">\n\t\t\t\t\t\t\t\t\t\t\t\t\t\t\t<span class=\"elementor-share-btn__icon\">\n\t\t\t\t\t\t\t\t<i class=\"fas fa-envelope\" aria-hidden=\"true\"><\/i>\t\t\t\t\t\t\t<\/span>\n\t\t\t\t\t\t\t\t\t\t\t\t\t\t\t\t\t\t\t\t<\/div>\n\t\t\t\t\t<\/div>\n\t\t\t\t\t\t<\/div>\n\t\t\t\t\t\t<\/div>\n\t\t\t\t<\/div>\n\t\t\t\t\t<\/div>\n\t\t<\/div>\n\t\t\t\t\t<\/div>\n\t\t<\/section>\n\t\t\t\t\t<\/div>\n\t\t<\/div>\n\t\t\t\t<div class=\"elementor-column elementor-col-25 elementor-top-column elementor-element elementor-element-309731c elementor-hidden-phone\" data-id=\"309731c\" data-element_type=\"column\">\n\t\t\t<div class=\"elementor-widget-wrap\">\n\t\t\t\t\t\t\t<\/div>\n\t\t<\/div>\n\t\t\t\t\t<\/div>\n\t\t<\/section>\n\t\t\t\t<\/div>\n\t\t","protected":false},"excerpt":{"rendered":"<p>Wieder \u00f6ffnen wir unsere T\u00fcren f\u00fcr Inklusion in den Bergen Wir freuen uns wieder sehr, eine Gruppe von etwa 10 Kinder (im Alter von 8-14 Jahren) zu dem zum vierten Mal stattfindenden Inklusions Camp IV begr\u00fc\u00dfen zu d\u00fcrfen. Ein Feriencamp an einem besonderen Ort, an dem jedes Kind, unabh\u00e4ngig von seinen F\u00e4higkeiten, angenommen, unterst\u00fctzt und [&hellip;]<\/p>\n","protected":false},"author":1,"featured_media":0,"parent":0,"menu_order":0,"comment_status":"closed","ping_status":"closed","template":"elementor_header_footer","meta":{"footnotes":""},"class_list":["post-4289","page","type-page","status-publish","hentry","campaign-has-goal","campaign-has-achieved-goal","campaign-is-endless"],"_links":{"self":[{"href":"https:\/\/curachildrensfoundation.org\/de\/wp-json\/wp\/v2\/pages\/4289","targetHints":{"allow":["GET"]}}],"collection":[{"href":"https:\/\/curachildrensfoundation.org\/de\/wp-json\/wp\/v2\/pages"}],"about":[{"href":"https:\/\/curachildrensfoundation.org\/de\/wp-json\/wp\/v2\/types\/page"}],"author":[{"embeddable":true,"href":"https:\/\/curachildrensfoundation.org\/de\/wp-json\/wp\/v2\/users\/1"}],"replies":[{"embeddable":true,"href":"https:\/\/curachildrensfoundation.org\/de\/wp-json\/wp\/v2\/comments?post=4289"}],"version-history":[{"count":51,"href":"https:\/\/curachildrensfoundation.org\/de\/wp-json\/wp\/v2\/pages\/4289\/revisions"}],"predecessor-version":[{"id":5407,"href":"https:\/\/curachildrensfoundation.org\/de\/wp-json\/wp\/v2\/pages\/4289\/revisions\/5407"}],"wp:attachment":[{"href":"https:\/\/curachildrensfoundation.org\/de\/wp-json\/wp\/v2\/media?parent=4289"}],"curies":[{"name":"wp","href":"https:\/\/api.w.org\/{rel}","templated":true}]}}