{"id":3655,"date":"2024-05-27T10:08:03","date_gmt":"2024-05-27T08:08:03","guid":{"rendered":"https:\/\/curachildrensfoundation.org\/newsletters\/"},"modified":"2024-11-14T08:15:51","modified_gmt":"2024-11-14T07:15:51","slug":"newsletters","status":"publish","type":"page","link":"https:\/\/curachildrensfoundation.org\/de\/newsletters\/","title":{"rendered":"Newsletters"},"content":{"rendered":"\t\t<div data-elementor-type=\"wp-page\" data-elementor-id=\"3655\" class=\"elementor elementor-3655 elementor-3578\" data-elementor-post-type=\"page\">\n\t\t\t\t\t\t<section class=\"elementor-section elementor-top-section elementor-element elementor-element-78147cf animated-slow elementor-reverse-mobile elementor-section-boxed elementor-section-height-default elementor-section-height-default elementor-invisible\" data-id=\"78147cf\" data-element_type=\"section\" data-settings=\"{&quot;animation&quot;:&quot;fadeIn&quot;}\">\n\t\t\t\t\t\t<div class=\"elementor-container elementor-column-gap-default\">\n\t\t\t\t\t<div class=\"elementor-column elementor-col-100 elementor-top-column elementor-element elementor-element-cda37e6\" data-id=\"cda37e6\" data-element_type=\"column\">\n\t\t\t<div class=\"elementor-widget-wrap elementor-element-populated\">\n\t\t\t\t\t\t<div class=\"elementor-element elementor-element-ad4bf5d elementor-hidden-phone elementor-widget-divider--view-line elementor-widget elementor-widget-divider\" data-id=\"ad4bf5d\" data-element_type=\"widget\" data-widget_type=\"divider.default\">\n\t\t\t\t<div class=\"elementor-widget-container\">\n\t\t\t\t\t\t\t<div class=\"elementor-divider\">\n\t\t\t<span class=\"elementor-divider-separator\">\n\t\t\t\t\t\t<\/span>\n\t\t<\/div>\n\t\t\t\t\t\t<\/div>\n\t\t\t\t<\/div>\n\t\t\t\t<section class=\"elementor-section elementor-inner-section elementor-element elementor-element-b99d0f3 elementor-section-boxed elementor-section-height-default elementor-section-height-default\" data-id=\"b99d0f3\" data-element_type=\"section\">\n\t\t\t\t\t\t<div class=\"elementor-container elementor-column-gap-default\">\n\t\t\t\t\t<div class=\"elementor-column elementor-col-33 elementor-inner-column elementor-element elementor-element-8f98fb3\" data-id=\"8f98fb3\" data-element_type=\"column\">\n\t\t\t<div class=\"elementor-widget-wrap elementor-element-populated\">\n\t\t\t\t\t\t<div class=\"elementor-element elementor-element-e9e0837 elementor-position-top elementor-widget elementor-widget-image-box\" data-id=\"e9e0837\" data-element_type=\"widget\" data-widget_type=\"image-box.default\">\n\t\t\t\t<div class=\"elementor-widget-container\">\n\t\t\t\t\t<div class=\"elementor-image-box-wrapper\"><figure class=\"elementor-image-box-img\"><a href=\"#elementor-action%3Aaction%3Dlightbox%26settings%3DeyJ1cmwiOiJodHRwczpcL1wvY3VyYWNoaWxkcmVuc2ZvdW5kYXRpb24ub3JnXC93cC1jb250ZW50XC91cGxvYWRzXC8yMDI0XC8xMVwvQ3VyYS1OTDctcGRmLTEtc2NhbGVkLndlYnAiLCJ0eXBlIjoiaW1hZ2UiLCJ0aXRsZSI6IkN1cmEgTkwjNy1wZGYgKDEpIn0%3D\" tabindex=\"-1\"><img fetchpriority=\"high\" decoding=\"async\" width=\"610\" height=\"1228\" src=\"https:\/\/curachildrensfoundation.org\/wp-content\/uploads\/2024\/11\/Cura-NL7-crop-scaled-e1731425137478-1.webp\" class=\"attachment-full size-full wp-image-3909\" alt=\"\" srcset=\"https:\/\/curachildrensfoundation.org\/wp-content\/uploads\/2024\/11\/Cura-NL7-crop-scaled-e1731425137478-1.webp 610w, https:\/\/curachildrensfoundation.org\/wp-content\/uploads\/2024\/11\/Cura-NL7-crop-scaled-e1731425137478-1-149x300.webp 149w, https:\/\/curachildrensfoundation.org\/wp-content\/uploads\/2024\/11\/Cura-NL7-crop-scaled-e1731425137478-1-509x1024.webp 509w\" sizes=\"(max-width: 610px) 100vw, 610px\" \/><\/a><\/figure><div class=\"elementor-image-box-content\"><h3 class=\"elementor-image-box-title\"><a href=\"#elementor-action%3Aaction%3Dlightbox%26settings%3DeyJ1cmwiOiJodHRwczpcL1wvY3VyYWNoaWxkcmVuc2ZvdW5kYXRpb24ub3JnXC93cC1jb250ZW50XC91cGxvYWRzXC8yMDI0XC8xMVwvQ3VyYS1OTDctcGRmLTEtc2NhbGVkLndlYnAiLCJ0eXBlIjoiaW1hZ2UiLCJ0aXRsZSI6IkN1cmEgTkwjNy1wZGYgKDEpIn0%3D\">NL 7 - Oktober 2024<\/a><\/h3><\/div><\/div>\t\t\t\t<\/div>\n\t\t\t\t<\/div>\n\t\t\t\t\t<\/div>\n\t\t<\/div>\n\t\t\t\t<div class=\"elementor-column elementor-col-33 elementor-inner-column elementor-element elementor-element-7332a1d\" data-id=\"7332a1d\" data-element_type=\"column\">\n\t\t\t<div class=\"elementor-widget-wrap\">\n\t\t\t\t\t\t\t<\/div>\n\t\t<\/div>\n\t\t\t\t<div class=\"elementor-column elementor-col-33 elementor-inner-column elementor-element elementor-element-1aad48f\" data-id=\"1aad48f\" data-element_type=\"column\">\n\t\t\t<div class=\"elementor-widget-wrap\">\n\t\t\t\t\t\t\t<\/div>\n\t\t<\/div>\n\t\t\t\t\t<\/div>\n\t\t<\/section>\n\t\t\t\t<section class=\"elementor-section elementor-inner-section elementor-element elementor-element-ef36315 elementor-section-boxed elementor-section-height-default elementor-section-height-default\" data-id=\"ef36315\" data-element_type=\"section\">\n\t\t\t\t\t\t<div class=\"elementor-container elementor-column-gap-default\">\n\t\t\t\t\t<div class=\"elementor-column elementor-col-33 elementor-inner-column elementor-element elementor-element-e31946f\" data-id=\"e31946f\" data-element_type=\"column\">\n\t\t\t<div class=\"elementor-widget-wrap elementor-element-populated\">\n\t\t\t\t\t\t<div class=\"elementor-element elementor-element-5c9a201 elementor-position-top elementor-widget elementor-widget-image-box\" data-id=\"5c9a201\" data-element_type=\"widget\" data-widget_type=\"image-box.default\">\n\t\t\t\t<div class=\"elementor-widget-container\">\n\t\t\t\t\t<div class=\"elementor-image-box-wrapper\"><figure class=\"elementor-image-box-img\"><a href=\"#elementor-action%3Aaction%3Dlightbox%26settings%3DeyJ1cmwiOiJodHRwczpcL1wvY3VyYWNoaWxkcmVuc2ZvdW5kYXRpb24ub3JnXC93cC1jb250ZW50XC91cGxvYWRzXC8yMDI0XC8wNVwvTkwtNi0tc2NhbGVkLndlYnAiLCJ0eXBlIjoiaW1hZ2UiLCJ0aXRsZSI6Ik5MIDYifQ%3D%3D\" tabindex=\"-1\"><img decoding=\"async\" width=\"1055\" height=\"2560\" src=\"https:\/\/curachildrensfoundation.org\/wp-content\/uploads\/2024\/05\/NL-6--scaled.webp\" class=\"attachment-full size-full wp-image-3596\" alt=\"\" srcset=\"https:\/\/curachildrensfoundation.org\/wp-content\/uploads\/2024\/05\/NL-6--scaled.webp 1055w, https:\/\/curachildrensfoundation.org\/wp-content\/uploads\/2024\/05\/NL-6--124x300.webp 124w, https:\/\/curachildrensfoundation.org\/wp-content\/uploads\/2024\/05\/NL-6--422x1024.webp 422w, https:\/\/curachildrensfoundation.org\/wp-content\/uploads\/2024\/05\/NL-6--768x1863.webp 768w, https:\/\/curachildrensfoundation.org\/wp-content\/uploads\/2024\/05\/NL-6--633x1536.webp 633w, https:\/\/curachildrensfoundation.org\/wp-content\/uploads\/2024\/05\/NL-6--844x2048.webp 844w\" sizes=\"(max-width: 1055px) 100vw, 1055px\" \/><\/a><\/figure><div class=\"elementor-image-box-content\"><h3 class=\"elementor-image-box-title\"><a href=\"#elementor-action%3Aaction%3Dlightbox%26settings%3DeyJ1cmwiOiJodHRwczpcL1wvY3VyYWNoaWxkcmVuc2ZvdW5kYXRpb24ub3JnXC93cC1jb250ZW50XC91cGxvYWRzXC8yMDI0XC8wNVwvTkwtNi0tc2NhbGVkLndlYnAiLCJ0eXBlIjoiaW1hZ2UiLCJ0aXRsZSI6Ik5MIDYifQ%3D%3D\">NL 6 - M\u00e4rz 2024<\/a><\/h3><\/div><\/div>\t\t\t\t<\/div>\n\t\t\t\t<\/div>\n\t\t\t\t\t<\/div>\n\t\t<\/div>\n\t\t\t\t<div class=\"elementor-column elementor-col-33 elementor-inner-column elementor-element elementor-element-f6619b0\" data-id=\"f6619b0\" data-element_type=\"column\">\n\t\t\t<div class=\"elementor-widget-wrap elementor-element-populated\">\n\t\t\t\t\t\t<div class=\"elementor-element elementor-element-a7296d0 elementor-position-top elementor-widget elementor-widget-image-box\" data-id=\"a7296d0\" data-element_type=\"widget\" data-widget_type=\"image-box.default\">\n\t\t\t\t<div class=\"elementor-widget-container\">\n\t\t\t\t\t<div class=\"elementor-image-box-wrapper\"><figure class=\"elementor-image-box-img\"><a href=\"#elementor-action%3Aaction%3Dlightbox%26settings%3DeyJ1cmwiOiJodHRwczpcL1wvY3VyYWNoaWxkcmVuc2ZvdW5kYXRpb24ub3JnXC93cC1jb250ZW50XC91cGxvYWRzXC8yMDI0XC8wNVwvTkwtNS53ZWJwIiwidHlwZSI6ImltYWdlIiwidGl0bGUiOiJOTCA1In0%3D\" tabindex=\"-1\"><img decoding=\"async\" width=\"650\" height=\"1470\" src=\"https:\/\/curachildrensfoundation.org\/wp-content\/uploads\/2024\/05\/NL-5.webp\" class=\"attachment-full size-full wp-image-3594\" alt=\"\" srcset=\"https:\/\/curachildrensfoundation.org\/wp-content\/uploads\/2024\/05\/NL-5.webp 650w, https:\/\/curachildrensfoundation.org\/wp-content\/uploads\/2024\/05\/NL-5-133x300.webp 133w, https:\/\/curachildrensfoundation.org\/wp-content\/uploads\/2024\/05\/NL-5-453x1024.webp 453w\" sizes=\"(max-width: 650px) 100vw, 650px\" \/><\/a><\/figure><div class=\"elementor-image-box-content\"><h3 class=\"elementor-image-box-title\"><a href=\"#elementor-action%3Aaction%3Dlightbox%26settings%3DeyJ1cmwiOiJodHRwczpcL1wvY3VyYWNoaWxkcmVuc2ZvdW5kYXRpb24ub3JnXC93cC1jb250ZW50XC91cGxvYWRzXC8yMDI0XC8wNVwvTkwtNS53ZWJwIiwidHlwZSI6ImltYWdlIiwidGl0bGUiOiJOTCA1In0%3D\">NL 5 - Oktober 2023<\/a><\/h3><\/div><\/div>\t\t\t\t<\/div>\n\t\t\t\t<\/div>\n\t\t\t\t\t<\/div>\n\t\t<\/div>\n\t\t\t\t<div class=\"elementor-column elementor-col-33 elementor-inner-column elementor-element elementor-element-320fa68\" data-id=\"320fa68\" data-element_type=\"column\">\n\t\t\t<div class=\"elementor-widget-wrap elementor-element-populated\">\n\t\t\t\t\t\t<div class=\"elementor-element elementor-element-06a157b elementor-position-top elementor-widget elementor-widget-image-box\" data-id=\"06a157b\" data-element_type=\"widget\" data-widget_type=\"image-box.default\">\n\t\t\t\t<div class=\"elementor-widget-container\">\n\t\t\t\t\t<div class=\"elementor-image-box-wrapper\"><figure class=\"elementor-image-box-img\"><a href=\"#elementor-action%3Aaction%3Dlightbox%26settings%3DeyJ1cmwiOiJodHRwczpcL1wvY3VyYWNoaWxkcmVuc2ZvdW5kYXRpb24ub3JnXC93cC1jb250ZW50XC91cGxvYWRzXC8yMDI0XC8wNVwvTkwtNC53ZWJwIiwidHlwZSI6ImltYWdlIiwidGl0bGUiOiJOTCA0In0%3D\" tabindex=\"-1\"><img loading=\"lazy\" decoding=\"async\" width=\"1233\" height=\"2297\" src=\"https:\/\/curachildrensfoundation.org\/wp-content\/uploads\/2024\/05\/NL-4.webp\" class=\"attachment-full size-full wp-image-3592\" alt=\"\" srcset=\"https:\/\/curachildrensfoundation.org\/wp-content\/uploads\/2024\/05\/NL-4.webp 1233w, https:\/\/curachildrensfoundation.org\/wp-content\/uploads\/2024\/05\/NL-4-161x300.webp 161w, https:\/\/curachildrensfoundation.org\/wp-content\/uploads\/2024\/05\/NL-4-550x1024.webp 550w, https:\/\/curachildrensfoundation.org\/wp-content\/uploads\/2024\/05\/NL-4-768x1431.webp 768w, https:\/\/curachildrensfoundation.org\/wp-content\/uploads\/2024\/05\/NL-4-825x1536.webp 825w, https:\/\/curachildrensfoundation.org\/wp-content\/uploads\/2024\/05\/NL-4-1099x2048.webp 1099w\" sizes=\"(max-width: 1233px) 100vw, 1233px\" \/><\/a><\/figure><div class=\"elementor-image-box-content\"><h3 class=\"elementor-image-box-title\"><a href=\"#elementor-action%3Aaction%3Dlightbox%26settings%3DeyJ1cmwiOiJodHRwczpcL1wvY3VyYWNoaWxkcmVuc2ZvdW5kYXRpb24ub3JnXC93cC1jb250ZW50XC91cGxvYWRzXC8yMDI0XC8wNVwvTkwtNC53ZWJwIiwidHlwZSI6ImltYWdlIiwidGl0bGUiOiJOTCA0In0%3D\">NL 4 - M\u00e4rz 2023<\/a><\/h3><\/div><\/div>\t\t\t\t<\/div>\n\t\t\t\t<\/div>\n\t\t\t\t\t<\/div>\n\t\t<\/div>\n\t\t\t\t\t<\/div>\n\t\t<\/section>\n\t\t\t\t<section class=\"elementor-section elementor-inner-section elementor-element elementor-element-cd3b5ef elementor-section-boxed elementor-section-height-default elementor-section-height-default\" data-id=\"cd3b5ef\" data-element_type=\"section\">\n\t\t\t\t\t\t<div class=\"elementor-container elementor-column-gap-default\">\n\t\t\t\t\t<div class=\"elementor-column elementor-col-33 elementor-inner-column elementor-element elementor-element-b5b3c7a\" data-id=\"b5b3c7a\" data-element_type=\"column\">\n\t\t\t<div class=\"elementor-widget-wrap elementor-element-populated\">\n\t\t\t\t\t\t<div class=\"elementor-element elementor-element-1557bc4 elementor-position-top elementor-widget elementor-widget-image-box\" data-id=\"1557bc4\" data-element_type=\"widget\" data-widget_type=\"image-box.default\">\n\t\t\t\t<div class=\"elementor-widget-container\">\n\t\t\t\t\t<div class=\"elementor-image-box-wrapper\"><figure class=\"elementor-image-box-img\"><a href=\"#elementor-action%3Aaction%3Dlightbox%26settings%3DeyJ1cmwiOiJodHRwczpcL1wvY3VyYWNoaWxkcmVuc2ZvdW5kYXRpb24ub3JnXC93cC1jb250ZW50XC91cGxvYWRzXC8yMDI0XC8wNVwvTkwtMy53ZWJwIiwidHlwZSI6ImltYWdlIiwidGl0bGUiOiJOTCAzIn0%3D\" tabindex=\"-1\"><img loading=\"lazy\" decoding=\"async\" width=\"650\" height=\"1300\" src=\"https:\/\/curachildrensfoundation.org\/wp-content\/uploads\/2024\/05\/NL-3.webp\" class=\"attachment-full size-full wp-image-3590\" alt=\"\" srcset=\"https:\/\/curachildrensfoundation.org\/wp-content\/uploads\/2024\/05\/NL-3.webp 650w, https:\/\/curachildrensfoundation.org\/wp-content\/uploads\/2024\/05\/NL-3-150x300.webp 150w, https:\/\/curachildrensfoundation.org\/wp-content\/uploads\/2024\/05\/NL-3-512x1024.webp 512w\" sizes=\"(max-width: 650px) 100vw, 650px\" \/><\/a><\/figure><div class=\"elementor-image-box-content\"><h3 class=\"elementor-image-box-title\"><a href=\"#elementor-action%3Aaction%3Dlightbox%26settings%3DeyJ1cmwiOiJodHRwczpcL1wvY3VyYWNoaWxkcmVuc2ZvdW5kYXRpb24ub3JnXC93cC1jb250ZW50XC91cGxvYWRzXC8yMDI0XC8wNVwvTkwtMy53ZWJwIiwidHlwZSI6ImltYWdlIiwidGl0bGUiOiJOTCAzIn0%3D\">NL 3 - Oktober 2022<\/a><\/h3><\/div><\/div>\t\t\t\t<\/div>\n\t\t\t\t<\/div>\n\t\t\t\t\t<\/div>\n\t\t<\/div>\n\t\t\t\t<div class=\"elementor-column elementor-col-33 elementor-inner-column elementor-element elementor-element-26ce5f5\" data-id=\"26ce5f5\" data-element_type=\"column\">\n\t\t\t<div class=\"elementor-widget-wrap elementor-element-populated\">\n\t\t\t\t\t\t<div class=\"elementor-element elementor-element-12c76ce elementor-position-top elementor-widget elementor-widget-image-box\" data-id=\"12c76ce\" data-element_type=\"widget\" data-widget_type=\"image-box.default\">\n\t\t\t\t<div class=\"elementor-widget-container\">\n\t\t\t\t\t<div class=\"elementor-image-box-wrapper\"><figure class=\"elementor-image-box-img\"><a href=\"#elementor-action%3Aaction%3Dlightbox%26settings%3DeyJ1cmwiOiJodHRwczpcL1wvY3VyYWNoaWxkcmVuc2ZvdW5kYXRpb24ub3JnXC93cC1jb250ZW50XC91cGxvYWRzXC8yMDI0XC8wNVwvTkwtMi1zY2FsZWQud2VicCIsInR5cGUiOiJpbWFnZSIsInRpdGxlIjoiTkwgMiJ9\" tabindex=\"-1\"><img loading=\"lazy\" decoding=\"async\" width=\"1810\" height=\"2560\" src=\"https:\/\/curachildrensfoundation.org\/wp-content\/uploads\/2024\/05\/NL-2-scaled.webp\" class=\"attachment-full size-full wp-image-3588\" alt=\"\" srcset=\"https:\/\/curachildrensfoundation.org\/wp-content\/uploads\/2024\/05\/NL-2-scaled.webp 1810w, https:\/\/curachildrensfoundation.org\/wp-content\/uploads\/2024\/05\/NL-2-212x300.webp 212w, https:\/\/curachildrensfoundation.org\/wp-content\/uploads\/2024\/05\/NL-2-724x1024.webp 724w, https:\/\/curachildrensfoundation.org\/wp-content\/uploads\/2024\/05\/NL-2-768x1086.webp 768w, https:\/\/curachildrensfoundation.org\/wp-content\/uploads\/2024\/05\/NL-2-1086x1536.webp 1086w, https:\/\/curachildrensfoundation.org\/wp-content\/uploads\/2024\/05\/NL-2-1448x2048.webp 1448w\" sizes=\"(max-width: 1810px) 100vw, 1810px\" \/><\/a><\/figure><div class=\"elementor-image-box-content\"><h3 class=\"elementor-image-box-title\"><a href=\"#elementor-action%3Aaction%3Dlightbox%26settings%3DeyJ1cmwiOiJodHRwczpcL1wvY3VyYWNoaWxkcmVuc2ZvdW5kYXRpb24ub3JnXC93cC1jb250ZW50XC91cGxvYWRzXC8yMDI0XC8wNVwvTkwtMi1zY2FsZWQud2VicCIsInR5cGUiOiJpbWFnZSIsInRpdGxlIjoiTkwgMiJ9\">NL 2 - M\u00e4rz 2022<\/a><\/h3><\/div><\/div>\t\t\t\t<\/div>\n\t\t\t\t<\/div>\n\t\t\t\t\t<\/div>\n\t\t<\/div>\n\t\t\t\t<div class=\"elementor-column elementor-col-33 elementor-inner-column elementor-element elementor-element-fd626d6\" data-id=\"fd626d6\" data-element_type=\"column\">\n\t\t\t<div class=\"elementor-widget-wrap elementor-element-populated\">\n\t\t\t\t\t\t<div class=\"elementor-element elementor-element-8f1d2e3 elementor-position-top elementor-widget elementor-widget-image-box\" data-id=\"8f1d2e3\" data-element_type=\"widget\" data-widget_type=\"image-box.default\">\n\t\t\t\t<div class=\"elementor-widget-container\">\n\t\t\t\t\t<div class=\"elementor-image-box-wrapper\"><figure class=\"elementor-image-box-img\"><a href=\"#elementor-action%3Aaction%3Dlightbox%26settings%3DeyJ1cmwiOiJodHRwczpcL1wvY3VyYWNoaWxkcmVuc2ZvdW5kYXRpb24ub3JnXC93cC1jb250ZW50XC91cGxvYWRzXC8yMDI0XC8wNVwvTkwtMV8yMDIxLXNjYWxlZC53ZWJwIiwidHlwZSI6ImltYWdlIiwidGl0bGUiOiJOTCAxXzIwMjEifQ%3D%3D\" target=\"_blank\" tabindex=\"-1\"><img loading=\"lazy\" decoding=\"async\" width=\"1810\" height=\"2560\" src=\"https:\/\/curachildrensfoundation.org\/wp-content\/uploads\/2024\/05\/NL-1_2021-scaled.webp\" class=\"attachment-full size-full wp-image-3586\" alt=\"\" srcset=\"https:\/\/curachildrensfoundation.org\/wp-content\/uploads\/2024\/05\/NL-1_2021-scaled.webp 1810w, https:\/\/curachildrensfoundation.org\/wp-content\/uploads\/2024\/05\/NL-1_2021-212x300.webp 212w, https:\/\/curachildrensfoundation.org\/wp-content\/uploads\/2024\/05\/NL-1_2021-724x1024.webp 724w, https:\/\/curachildrensfoundation.org\/wp-content\/uploads\/2024\/05\/NL-1_2021-768x1086.webp 768w, https:\/\/curachildrensfoundation.org\/wp-content\/uploads\/2024\/05\/NL-1_2021-1086x1536.webp 1086w, https:\/\/curachildrensfoundation.org\/wp-content\/uploads\/2024\/05\/NL-1_2021-1448x2048.webp 1448w\" sizes=\"(max-width: 1810px) 100vw, 1810px\" \/><\/a><\/figure><div class=\"elementor-image-box-content\"><h3 class=\"elementor-image-box-title\"><a href=\"#elementor-action%3Aaction%3Dlightbox%26settings%3DeyJ1cmwiOiJodHRwczpcL1wvY3VyYWNoaWxkcmVuc2ZvdW5kYXRpb24ub3JnXC93cC1jb250ZW50XC91cGxvYWRzXC8yMDI0XC8wNVwvTkwtMV8yMDIxLXNjYWxlZC53ZWJwIiwidHlwZSI6ImltYWdlIiwidGl0bGUiOiJOTCAxXzIwMjEifQ%3D%3D\" target=\"_blank\">NL 1 - M\u00e4rz 2021<\/a><\/h3><\/div><\/div>\t\t\t\t<\/div>\n\t\t\t\t<\/div>\n\t\t\t\t\t<\/div>\n\t\t<\/div>\n\t\t\t\t\t<\/div>\n\t\t<\/section>\n\t\t\t\t\t<\/div>\n\t\t<\/div>\n\t\t\t\t\t<\/div>\n\t\t<\/section>\n\t\t\t\t<\/div>\n\t\t","protected":false},"excerpt":{"rendered":"<p>NL 7 &#8211; Oktober 2024 NL 6 &#8211; M\u00e4rz 2024 NL 5 &#8211; Oktober 2023 NL 4 &#8211; M\u00e4rz 2023 NL 3 &#8211; Oktober 2022 NL 2 &#8211; M\u00e4rz 2022 NL 1 &#8211; M\u00e4rz 2021<\/p>\n","protected":false},"author":1,"featured_media":0,"parent":0,"menu_order":0,"comment_status":"closed","ping_status":"closed","template":"elementor_header_footer","meta":{"footnotes":""},"class_list":["post-3655","page","type-page","status-publish","hentry"],"_links":{"self":[{"href":"https:\/\/curachildrensfoundation.org\/de\/wp-json\/wp\/v2\/pages\/3655","targetHints":{"allow":["GET"]}}],"collection":[{"href":"https:\/\/curachildrensfoundation.org\/de\/wp-json\/wp\/v2\/pages"}],"about":[{"href":"https:\/\/curachildrensfoundation.org\/de\/wp-json\/wp\/v2\/types\/page"}],"author":[{"embeddable":true,"href":"https:\/\/curachildrensfoundation.org\/de\/wp-json\/wp\/v2\/users\/1"}],"replies":[{"embeddable":true,"href":"https:\/\/curachildrensfoundation.org\/de\/wp-json\/wp\/v2\/comments?post=3655"}],"version-history":[{"count":6,"href":"https:\/\/curachildrensfoundation.org\/de\/wp-json\/wp\/v2\/pages\/3655\/revisions"}],"predecessor-version":[{"id":3990,"href":"https:\/\/curachildrensfoundation.org\/de\/wp-json\/wp\/v2\/pages\/3655\/revisions\/3990"}],"wp:attachment":[{"href":"https:\/\/curachildrensfoundation.org\/de\/wp-json\/wp\/v2\/media?parent=3655"}],"curies":[{"name":"wp","href":"https:\/\/api.w.org\/{rel}","templated":true}]}}