{"id":1731,"date":"2023-05-11T15:21:33","date_gmt":"2023-05-11T13:21:33","guid":{"rendered":"https:\/\/curachildrensfoundation.org\/projekte\/"},"modified":"2025-10-25T16:22:11","modified_gmt":"2025-10-25T14:22:11","slug":"projekte","status":"publish","type":"page","link":"https:\/\/curachildrensfoundation.org\/de\/projekte\/","title":{"rendered":"Projekte"},"content":{"rendered":"\t\t<div data-elementor-type=\"wp-page\" data-elementor-id=\"1731\" class=\"elementor elementor-1731 elementor-209\" data-elementor-post-type=\"page\">\n\t\t\t\t\t\t<section class=\"elementor-section elementor-top-section elementor-element elementor-element-f71a78e animated-slow elementor-section-full_width elementor-section-height-default elementor-section-height-default elementor-invisible\" data-id=\"f71a78e\" data-element_type=\"section\" data-settings=\"{&quot;animation&quot;:&quot;fadeIn&quot;}\">\n\t\t\t\t\t\t<div class=\"elementor-container elementor-column-gap-default\">\n\t\t\t\t\t<div class=\"elementor-column elementor-col-100 elementor-top-column elementor-element elementor-element-702413b5\" data-id=\"702413b5\" data-element_type=\"column\">\n\t\t\t<div class=\"elementor-widget-wrap elementor-element-populated\">\n\t\t\t\t\t\t<div class=\"elementor-element elementor-element-7f098c40 elementor-widget elementor-widget-heading\" data-id=\"7f098c40\" data-element_type=\"widget\" data-widget_type=\"heading.default\">\n\t\t\t\t<div class=\"elementor-widget-container\">\n\t\t\t\t\t<h2 class=\"elementor-heading-title elementor-size-default\">UNSERE PROJEKTE<\/h2>\t\t\t\t<\/div>\n\t\t\t\t<\/div>\n\t\t\t\t<div class=\"elementor-element elementor-element-508b2851 elementor-widget-divider--view-line elementor-widget elementor-widget-divider\" data-id=\"508b2851\" data-element_type=\"widget\" data-widget_type=\"divider.default\">\n\t\t\t\t<div class=\"elementor-widget-container\">\n\t\t\t\t\t\t\t<div class=\"elementor-divider\">\n\t\t\t<span class=\"elementor-divider-separator\">\n\t\t\t\t\t\t<\/span>\n\t\t<\/div>\n\t\t\t\t\t\t<\/div>\n\t\t\t\t<\/div>\n\t\t\t\t<div class=\"elementor-element elementor-element-393a4e5a elementor-widget elementor-widget-heading\" data-id=\"393a4e5a\" data-element_type=\"widget\" data-widget_type=\"heading.default\">\n\t\t\t\t<div class=\"elementor-widget-container\">\n\t\t\t\t\t<h2 class=\"elementor-heading-title elementor-size-default\">Siehe Cura Children's Foundation In  <br>Aktion<\/h2>\t\t\t\t<\/div>\n\t\t\t\t<\/div>\n\t\t\t\t\t<\/div>\n\t\t<\/div>\n\t\t\t\t\t<\/div>\n\t\t<\/section>\n\t\t\t\t<section class=\"elementor-section elementor-top-section elementor-element elementor-element-acb3a05 elementor-section-boxed elementor-section-height-default elementor-section-height-default\" data-id=\"acb3a05\" data-element_type=\"section\">\n\t\t\t\t\t\t<div class=\"elementor-container elementor-column-gap-default\">\n\t\t\t\t\t<div class=\"elementor-column elementor-col-100 elementor-top-column elementor-element elementor-element-714a0ba\" data-id=\"714a0ba\" data-element_type=\"column\">\n\t\t\t<div class=\"elementor-widget-wrap elementor-element-populated\">\n\t\t\t\t\t\t<section class=\"elementor-section elementor-inner-section elementor-element elementor-element-8996d80 elementor-section-boxed elementor-section-height-default elementor-section-height-default\" data-id=\"8996d80\" data-element_type=\"section\">\n\t\t\t\t\t\t<div class=\"elementor-container elementor-column-gap-extended\">\n\t\t\t\t\t<div class=\"elementor-column elementor-col-33 elementor-inner-column elementor-element elementor-element-59435c1\" data-id=\"59435c1\" data-element_type=\"column\">\n\t\t\t<div class=\"elementor-widget-wrap elementor-element-populated\">\n\t\t\t\t\t\t<div class=\"elementor-element elementor-element-468e759 elementor-position-top elementor-widget elementor-widget-image-box\" data-id=\"468e759\" data-element_type=\"widget\" data-widget_type=\"image-box.default\">\n\t\t\t\t<div class=\"elementor-widget-container\">\n\t\t\t\t\t<div class=\"elementor-image-box-wrapper\"><figure class=\"elementor-image-box-img\"><a href=\"https:\/\/curachildrensfoundation.org\/de\/keimfreie-mobilitaet-fuer-einen-jungen-patienten-genf-schweiz\/\" tabindex=\"-1\"><img fetchpriority=\"high\" decoding=\"async\" width=\"800\" height=\"600\" src=\"https:\/\/curachildrensfoundation.org\/wp-content\/uploads\/2025\/10\/germ-free-mobility-de.jpg\" class=\"attachment-large size-large wp-image-5018\" alt=\"Keimfreie Mobilit\u00e4t f\u00fcr einen Jungen Patienten \u2013 Genf, Schweiz\" srcset=\"https:\/\/curachildrensfoundation.org\/wp-content\/uploads\/2025\/10\/germ-free-mobility-de.jpg 1024w, https:\/\/curachildrensfoundation.org\/wp-content\/uploads\/2025\/10\/germ-free-mobility-de-300x225.jpg 300w, https:\/\/curachildrensfoundation.org\/wp-content\/uploads\/2025\/10\/germ-free-mobility-de-768x576.jpg 768w\" sizes=\"(max-width: 800px) 100vw, 800px\" \/><\/a><\/figure><div class=\"elementor-image-box-content\"><h3 class=\"elementor-image-box-title\"><a href=\"https:\/\/curachildrensfoundation.org\/de\/keimfreie-mobilitaet-fuer-einen-jungen-patienten-genf-schweiz\/\">Keimfreie Mobilit\u00e4t f\u00fcr einen Jungen Patienten \u2013 Genf, Schweiz<\/a><\/h3><p class=\"elementor-image-box-description\">Der f\u00fcnfj\u00e4hrige Zacharia steht kurz vor einer Knochenmarktransplantation, und seine Familie muss ihn vor selbst kleinsten Infektionen sch\u00fctzen. Ein Lastenfahrrad w\u00fcrde der Mutter und den vier Geschwistern die Freiheit geben, sich gemeinsam sicher fortzubewegen ...\n\n<br><br><a href=\"https:\/\/curachildrensfoundation.org\/de\/keimfreie-mobilitaet-fuer-einen-jungen-patienten-genf-schweiz\/\">Weiterlesen<\/a><\/p><\/div><\/div>\t\t\t\t<\/div>\n\t\t\t\t<\/div>\n\t\t\t\t\t<\/div>\n\t\t<\/div>\n\t\t\t\t<div class=\"elementor-column elementor-col-33 elementor-inner-column elementor-element elementor-element-d2808b5\" data-id=\"d2808b5\" data-element_type=\"column\">\n\t\t\t<div class=\"elementor-widget-wrap elementor-element-populated\">\n\t\t\t\t\t\t<div class=\"elementor-element elementor-element-d7c3227 elementor-position-top elementor-widget elementor-widget-image-box\" data-id=\"d7c3227\" data-element_type=\"widget\" data-widget_type=\"image-box.default\">\n\t\t\t\t<div class=\"elementor-widget-container\">\n\t\t\t\t\t<div class=\"elementor-image-box-wrapper\"><figure class=\"elementor-image-box-img\"><a href=\"https:\/\/curachildrensfoundation.org\/de\/eine-zeit-fuer-mitgefuehle-zuerich-schweiza-time-of-compassion-zuerich-switzerland\/\" tabindex=\"-1\"><img decoding=\"async\" width=\"800\" height=\"600\" src=\"https:\/\/curachildrensfoundation.org\/wp-content\/uploads\/2025\/10\/voucherDE.jpg\" class=\"attachment-large size-large wp-image-5141\" alt=\"Eine Zeit f\u00fcr Mitgef\u00fchle - Z\u00fcrich, Schweiz\" srcset=\"https:\/\/curachildrensfoundation.org\/wp-content\/uploads\/2025\/10\/voucherDE.jpg 1024w, https:\/\/curachildrensfoundation.org\/wp-content\/uploads\/2025\/10\/voucherDE-300x225.jpg 300w, https:\/\/curachildrensfoundation.org\/wp-content\/uploads\/2025\/10\/voucherDE-768x576.jpg 768w\" sizes=\"(max-width: 800px) 100vw, 800px\" \/><\/a><\/figure><div class=\"elementor-image-box-content\"><h3 class=\"elementor-image-box-title\"><a href=\"https:\/\/curachildrensfoundation.org\/de\/eine-zeit-fuer-mitgefuehle-zuerich-schweiza-time-of-compassion-zuerich-switzerland\/\">Eine Zeit f\u00fcr Mitgef\u00fchle - Z\u00fcrich, Schweiz<\/a><\/h3><p class=\"elementor-image-box-description\">In dieser Weihnachtszeit unterst\u00fctzen wir die Jugendnotschlafstelle Nemo mit Gutscheinen f\u00fcr\ngemeinsame Ausfl\u00fcge, um jungen Menschen, die nicht zu Hause sein k\u00f6nnen, etwas Freude und W\u00e4rme zu\nschenken ...\n<br><br><a href=https:\/\/curachildrensfoundation.org\/de\/eine-zeit-fuer-mitgefuehle-zuerich-schweiza-time-of-compassion-zuerich-switzerland\/\">Weiterlesen<\/a><\/p><\/div><\/div>\t\t\t\t<\/div>\n\t\t\t\t<\/div>\n\t\t\t\t\t<\/div>\n\t\t<\/div>\n\t\t\t\t<div class=\"elementor-column elementor-col-33 elementor-inner-column elementor-element elementor-element-b7902e3\" data-id=\"b7902e3\" data-element_type=\"column\">\n\t\t\t<div class=\"elementor-widget-wrap elementor-element-populated\">\n\t\t\t\t\t\t<div class=\"elementor-element elementor-element-43d8d6f elementor-position-top elementor-widget elementor-widget-image-box\" data-id=\"43d8d6f\" data-element_type=\"widget\" data-widget_type=\"image-box.default\">\n\t\t\t\t<div class=\"elementor-widget-container\">\n\t\t\t\t\t<div class=\"elementor-image-box-wrapper\"><figure class=\"elementor-image-box-img\"><a href=\"https:\/\/curachildrensfoundation.org\/de\/das-cura-dachkonkonzept-ganze-schweiz\/\" tabindex=\"-1\"><img decoding=\"async\" width=\"800\" height=\"600\" src=\"https:\/\/curachildrensfoundation.org\/wp-content\/uploads\/2025\/10\/curaUmbrellade_home.jpg\" class=\"attachment-large size-large wp-image-5237\" alt=\"Das Cura Umbrella Konzept\" srcset=\"https:\/\/curachildrensfoundation.org\/wp-content\/uploads\/2025\/10\/curaUmbrellade_home.jpg 1024w, https:\/\/curachildrensfoundation.org\/wp-content\/uploads\/2025\/10\/curaUmbrellade_home-300x225.jpg 300w, https:\/\/curachildrensfoundation.org\/wp-content\/uploads\/2025\/10\/curaUmbrellade_home-768x576.jpg 768w\" sizes=\"(max-width: 800px) 100vw, 800px\" \/><\/a><\/figure><div class=\"elementor-image-box-content\"><h3 class=\"elementor-image-box-title\"><a href=\"https:\/\/curachildrensfoundation.org\/de\/das-cura-dachkonkonzept-ganze-schweiz\/\">Das Cura Umbrella Konzept \u2013 Ganze Schwei<\/a><\/h3><p class=\"elementor-image-box-description\">Da wir immer mehr individuelle Hilfsanfragen erhalten, haben wir beschlossen, das Cura Umbrella Konzept ins Leben zu rufen. <br><br>Diese Initiative wird mehrere kleinere Projekte umfassen, die darauf ausgerichtet sind, direkte Unterst\u00fctzung f\u00fcr Kinder mit Behinderungen und\/oder in Not in der ganzen Schweiz zu leisten.<br><br><a href=https:\/\/curachildrensfoundation.org\/de\/das-cura-dachkonkonzept-ganze-schweiz\/\">Weiterlesen<\/a><\/p><\/div><\/div>\t\t\t\t<\/div>\n\t\t\t\t<\/div>\n\t\t\t\t\t<\/div>\n\t\t<\/div>\n\t\t\t\t\t<\/div>\n\t\t<\/section>\n\t\t\t\t\t<\/div>\n\t\t<\/div>\n\t\t\t\t\t<\/div>\n\t\t<\/section>\n\t\t\t\t<\/div>\n\t\t","protected":false},"excerpt":{"rendered":"<p>UNSERE PROJEKTE Siehe Cura Children&#8217;s Foundation In Aktion Keimfreie Mobilit\u00e4t f\u00fcr einen Jungen Patienten \u2013 Genf, Schweiz Der f\u00fcnfj\u00e4hrige Zacharia steht kurz vor einer Knochenmarktransplantation, und seine Familie muss ihn vor selbst kleinsten Infektionen sch\u00fctzen. Ein Lastenfahrrad w\u00fcrde der Mutter und den vier Geschwistern die Freiheit geben, sich gemeinsam sicher fortzubewegen &#8230; Weiterlesen Eine Zeit [&hellip;]<\/p>\n","protected":false},"author":1,"featured_media":0,"parent":0,"menu_order":0,"comment_status":"closed","ping_status":"closed","template":"elementor_header_footer","meta":{"footnotes":""},"class_list":["post-1731","page","type-page","status-publish","hentry"],"_links":{"self":[{"href":"https:\/\/curachildrensfoundation.org\/de\/wp-json\/wp\/v2\/pages\/1731","targetHints":{"allow":["GET"]}}],"collection":[{"href":"https:\/\/curachildrensfoundation.org\/de\/wp-json\/wp\/v2\/pages"}],"about":[{"href":"https:\/\/curachildrensfoundation.org\/de\/wp-json\/wp\/v2\/types\/page"}],"author":[{"embeddable":true,"href":"https:\/\/curachildrensfoundation.org\/de\/wp-json\/wp\/v2\/users\/1"}],"replies":[{"embeddable":true,"href":"https:\/\/curachildrensfoundation.org\/de\/wp-json\/wp\/v2\/comments?post=1731"}],"version-history":[{"count":177,"href":"https:\/\/curachildrensfoundation.org\/de\/wp-json\/wp\/v2\/pages\/1731\/revisions"}],"predecessor-version":[{"id":5273,"href":"https:\/\/curachildrensfoundation.org\/de\/wp-json\/wp\/v2\/pages\/1731\/revisions\/5273"}],"wp:attachment":[{"href":"https:\/\/curachildrensfoundation.org\/de\/wp-json\/wp\/v2\/media?parent=1731"}],"curies":[{"name":"wp","href":"https:\/\/api.w.org\/{rel}","templated":true}]}}