{"id":1725,"date":"2023-05-11T15:21:31","date_gmt":"2023-05-11T13:21:31","guid":{"rendered":"https:\/\/curachildrensfoundation.org\/finanzierung-eines-motomed-loops-in-der-akutstationaeren-physiotherapie-am-universitaets-kinderspital-zuerich-schweiz\/"},"modified":"2023-06-05T11:13:17","modified_gmt":"2023-06-05T09:13:17","slug":"finanzierung-eines-motomed-loops-in-der-akutstationaeren-physiotherapie-am-universitaets-kinderspital-zuerich-schweiz","status":"publish","type":"page","link":"https:\/\/curachildrensfoundation.org\/de\/finanzierung-eines-motomed-loops-in-der-akutstationaeren-physiotherapie-am-universitaets-kinderspital-zuerich-schweiz\/","title":{"rendered":"Finanzierung eines MOTOmed Loop in der akut station\u00e4ren Physiotherapie des Universit\u00e4ts-Kinderspital \u2013 Z\u00fcrich, Schweiz"},"content":{"rendered":"\t\t<div data-elementor-type=\"wp-page\" data-elementor-id=\"1725\" class=\"elementor elementor-1725 elementor-176\" data-elementor-post-type=\"page\">\n\t\t\t\t\t\t<section class=\"elementor-section elementor-top-section elementor-element elementor-element-4993a24f elementor-section-height-min-height elementor-hidden-phone elementor-section-boxed elementor-section-height-default elementor-section-items-middle\" data-id=\"4993a24f\" data-element_type=\"section\" data-settings=\"{&quot;background_background&quot;:&quot;classic&quot;}\">\n\t\t\t\t\t\t<div class=\"elementor-container elementor-column-gap-default\">\n\t\t\t\t\t<div class=\"elementor-column elementor-col-100 elementor-top-column elementor-element elementor-element-1cd25eb2\" data-id=\"1cd25eb2\" data-element_type=\"column\">\n\t\t\t<div class=\"elementor-widget-wrap\">\n\t\t\t\t\t\t\t<\/div>\n\t\t<\/div>\n\t\t\t\t\t<\/div>\n\t\t<\/section>\n\t\t\t\t<section class=\"elementor-section elementor-top-section elementor-element elementor-element-6e62f0a9 elementor-section-full_width elementor-section-height-default elementor-section-height-default\" data-id=\"6e62f0a9\" data-element_type=\"section\">\n\t\t\t\t\t\t<div class=\"elementor-container elementor-column-gap-no\">\n\t\t\t\t\t<div class=\"elementor-column elementor-col-66 elementor-top-column elementor-element elementor-element-6b7ba8c5\" data-id=\"6b7ba8c5\" data-element_type=\"column\">\n\t\t\t<div class=\"elementor-widget-wrap elementor-element-populated\">\n\t\t\t\t\t\t<div class=\"elementor-element elementor-element-36a64036 elementor-hidden-desktop elementor-hidden-tablet elementor-widget elementor-widget-image\" data-id=\"36a64036\" data-element_type=\"widget\" data-widget_type=\"image.default\">\n\t\t\t\t<div class=\"elementor-widget-container\">\n\t\t\t\t\t\t\t\t\t\t\t\t\t\t\t<img fetchpriority=\"high\" decoding=\"async\" width=\"559\" height=\"570\" src=\"https:\/\/curachildrensfoundation.org\/wp-content\/uploads\/2023\/05\/image1-1.jpg\" class=\"attachment-medium_large size-medium_large wp-image-1603\" alt=\"\" srcset=\"https:\/\/curachildrensfoundation.org\/wp-content\/uploads\/2023\/05\/image1-1.jpg 559w, https:\/\/curachildrensfoundation.org\/wp-content\/uploads\/2023\/05\/image1-1-294x300.jpg 294w\" sizes=\"(max-width: 559px) 100vw, 559px\" \/>\t\t\t\t\t\t\t\t\t\t\t\t\t\t\t<\/div>\n\t\t\t\t<\/div>\n\t\t\t\t<div class=\"elementor-element elementor-element-16646a0a elementor-widget elementor-widget-heading\" data-id=\"16646a0a\" data-element_type=\"widget\" data-widget_type=\"heading.default\">\n\t\t\t\t<div class=\"elementor-widget-container\">\n\t\t\t\t\t<h1 class=\"elementor-heading-title elementor-size-default\">Finanzierung eines MOTOmed Loop in der akut station\u00e4ren Physiotherapie des Universit\u00e4ts-Kinderspital \u2013 Z\u00fcrich, Schweiz<\/h1>\t\t\t\t<\/div>\n\t\t\t\t<\/div>\n\t\t\t\t<div class=\"elementor-element elementor-element-67f2e407 elementor-hidden-phone elementor-widget-divider--view-line elementor-widget elementor-widget-divider\" data-id=\"67f2e407\" data-element_type=\"widget\" data-widget_type=\"divider.default\">\n\t\t\t\t<div class=\"elementor-widget-container\">\n\t\t\t\t\t\t\t<div class=\"elementor-divider\">\n\t\t\t<span class=\"elementor-divider-separator\">\n\t\t\t\t\t\t<\/span>\n\t\t<\/div>\n\t\t\t\t\t\t<\/div>\n\t\t\t\t<\/div>\n\t\t\t\t<div class=\"elementor-element elementor-element-60bfd88c elementor-widget elementor-widget-heading\" data-id=\"60bfd88c\" data-element_type=\"widget\" data-widget_type=\"heading.default\">\n\t\t\t\t<div class=\"elementor-widget-container\">\n\t\t\t\t\t<h3 class=\"elementor-heading-title elementor-size-default\">Spielerische Bewegungstherapie f\u00fcr mehr als 500 junge, station\u00e4re Patienten im Universit\u00e4ts-Kinderspital in Z\u00fcrich.\n<\/h3>\t\t\t\t<\/div>\n\t\t\t\t<\/div>\n\t\t\t\t<div class=\"elementor-element elementor-element-175e1ba3 elementor-widget elementor-widget-text-editor\" data-id=\"175e1ba3\" data-element_type=\"widget\" data-widget_type=\"text-editor.default\">\n\t\t\t\t<div class=\"elementor-widget-container\">\n\t\t\t\t\t\t\t\t\t<p>Das MOTOmed Loop ist ein\u00a0<strong>Bewegungstherapieger\u00e4t<\/strong>, das physiotherapeutisches Training bei\u00a0<strong>Kinder mit Bewegungseinschr\u00e4nkungen<\/strong>\u00a0im Universit\u00e4ts-Kinderspital Z\u00fcrich in ein lustiges Spielerlebnis verwandelt.\u00a0<\/p><p>Die Kinder k\u00f6nnen sitzend im Rollstuhl, von einem Stuhl aus oder auch stehend Arme, Beine oder Oberk\u00f6rper trainieren. Die kleinen Patient\/innen im Spital werden motorisch gef\u00f6rdert und viele k\u00f6nnen somit ihren Bewegungsdrang ausleben.<\/p><p>Auf der anderen Seite,\u00a0<strong>unterst\u00fctzt dieses Ger\u00e4t auch Kinder mit komplexen Diagnosen<\/strong>\u00a0(z.B. Krebs, Zerebralparese), ebenso w\u00e4hrend eines langen Spitalaufenthaltes bei der Rehabilitation, da mit diesem Ger\u00e4t die Motivation zur Bewegung tagt\u00e4glich gesteigert wird.<\/p><p>Mit MOTOmed, verwandeln sich die intensiven Physiotherapie-Sitzung in eine\u00a0<strong>\u00abAction-Physio-Stunde\u00bb<\/strong>, wobei aber auch die Leistung verfolgt werden kann und die Erfolge sichtbar werden.\u00a0<\/p><p>Die Kinder k\u00f6nnen w\u00e4hrend der Physiotherapie die Spielfigur Max auf dem Bildschirm h\u00fcpfen lassen. Das einfache Spielprinzip und die fr\u00f6hlich springende Figur belohnen die k\u00f6rperliche Anstrengung und animieren Kinder zu l\u00e4ngeren und regelm\u00e4\u00dfigen Trainingseinheiten.<\/p><p>Ein riesen Vorteil ist auch, dass\u00a0<strong>isolierte, immungeschw\u00e4chte sowie immobilisierte Kinder dieses Ger\u00e4t von ihren Spitalzimmern nutzen k\u00f6nnen<\/strong>, da es einfach hin und her zu rollen ist.\u00a0<\/p><p>In einem Jahr k\u00f6nnen somit\u00a0<strong>\u00fcber 500 station\u00e4re Kinder motorisch aktiv werden<\/strong>\u00a0und einen Moment den langen Heilungsprozess spielerisch vergessen.<\/p><p>Das MOTOmed Loop Bewegungstherapieger\u00e4t kostet die Physiotherapie-Abteilung im Universit\u00e4ts-Kinderspital Z\u00fcrich\u00a0<strong>CHF 9\u2019840<\/strong>\u00a0und wir m\u00f6chten ihnen diesen Betrag f\u00fcr die vielen jungen Patient\/innen spenden.<\/p>\t\t\t\t\t\t\t\t<\/div>\n\t\t\t\t<\/div>\n\t\t\t\t<div class=\"elementor-element elementor-element-37fa3e93 elementor-widget elementor-widget-heading\" data-id=\"37fa3e93\" data-element_type=\"widget\" data-widget_type=\"heading.default\">\n\t\t\t\t<div class=\"elementor-widget-container\">\n\t\t\t\t\t<h2 class=\"elementor-heading-title elementor-size-default\">Vielen Dank - jeder noch so kleine Betrag z\u00e4hlt!\n<\/h2>\t\t\t\t<\/div>\n\t\t\t\t<\/div>\n\t\t\t\t\t<\/div>\n\t\t<\/div>\n\t\t\t\t<div class=\"elementor-column elementor-col-33 elementor-top-column elementor-element elementor-element-5f656695\" data-id=\"5f656695\" data-element_type=\"column\" data-settings=\"{&quot;background_background&quot;:&quot;classic&quot;}\">\n\t\t\t<div class=\"elementor-widget-wrap elementor-element-populated\">\n\t\t\t\t\t\t<div class=\"elementor-element elementor-element-d344661 elementor-widget elementor-widget-image\" data-id=\"d344661\" data-element_type=\"widget\" data-widget_type=\"image.default\">\n\t\t\t\t<div class=\"elementor-widget-container\">\n\t\t\t\t\t\t\t\t\t\t\t\t\t\t\t<img decoding=\"async\" width=\"800\" height=\"521\" src=\"https:\/\/curachildrensfoundation.org\/wp-content\/uploads\/2023\/06\/Cura-graph-transparent-1024x667.png\" class=\"attachment-large size-large wp-image-2460\" alt=\"\" srcset=\"https:\/\/curachildrensfoundation.org\/wp-content\/uploads\/2023\/06\/Cura-graph-transparent-1024x667.png 1024w, https:\/\/curachildrensfoundation.org\/wp-content\/uploads\/2023\/06\/Cura-graph-transparent-300x195.png 300w, https:\/\/curachildrensfoundation.org\/wp-content\/uploads\/2023\/06\/Cura-graph-transparent-768x500.png 768w, https:\/\/curachildrensfoundation.org\/wp-content\/uploads\/2023\/06\/Cura-graph-transparent.png 1100w\" sizes=\"(max-width: 800px) 100vw, 800px\" \/>\t\t\t\t\t\t\t\t\t\t\t\t\t\t\t<\/div>\n\t\t\t\t<\/div>\n\t\t\t\t<div class=\"elementor-element elementor-element-a0fe62a elementor-widget elementor-widget-progress\" data-id=\"a0fe62a\" data-element_type=\"widget\" data-widget_type=\"progress.default\">\n\t\t\t\t<div class=\"elementor-widget-container\">\n\t\t\t\t\t\t\t\t<span class=\"elementor-title\" id=\"elementor-progress-bar-a0fe62a\">\n\t\t\t\tZiel erreicht - Projekt beendet\t\t\t<\/span>\n\t\t\n\t\t<div aria-labelledby=\"elementor-progress-bar-a0fe62a\" class=\"elementor-progress-wrapper progress-success\" role=\"progressbar\" aria-valuemin=\"0\" aria-valuemax=\"100\" aria-valuenow=\"100\" aria-valuetext=\"100% (CHF 9,840)\">\n\t\t\t<div class=\"elementor-progress-bar\" data-max=\"100\">\n\t\t\t\t<span class=\"elementor-progress-text\">CHF 9,840<\/span>\n\t\t\t\t\t\t\t\t\t<span class=\"elementor-progress-percentage\">100%<\/span>\n\t\t\t\t\t\t\t<\/div>\n\t\t<\/div>\n\t\t\t\t\t\t<\/div>\n\t\t\t\t<\/div>\n\t\t\t\t\t<\/div>\n\t\t<\/div>\n\t\t\t\t\t<\/div>\n\t\t<\/section>\n\t\t\t\t<section class=\"elementor-section elementor-top-section elementor-element elementor-element-5e750dc7 elementor-section-boxed elementor-section-height-default elementor-section-height-default\" data-id=\"5e750dc7\" data-element_type=\"section\">\n\t\t\t\t\t\t<div class=\"elementor-container elementor-column-gap-default\">\n\t\t\t\t\t<div class=\"elementor-column elementor-col-25 elementor-top-column elementor-element elementor-element-74c613e8 elementor-hidden-phone\" data-id=\"74c613e8\" data-element_type=\"column\">\n\t\t\t<div class=\"elementor-widget-wrap\">\n\t\t\t\t\t\t\t<\/div>\n\t\t<\/div>\n\t\t\t\t<div class=\"elementor-column elementor-col-50 elementor-top-column elementor-element elementor-element-f0e4a87\" data-id=\"f0e4a87\" data-element_type=\"column\">\n\t\t\t<div class=\"elementor-widget-wrap elementor-element-populated\">\n\t\t\t\t\t\t<section class=\"elementor-section elementor-inner-section elementor-element elementor-element-1900e171 elementor-section-full_width elementor-section-height-default elementor-section-height-default\" data-id=\"1900e171\" data-element_type=\"section\">\n\t\t\t\t\t\t<div class=\"elementor-container elementor-column-gap-no\">\n\t\t\t\t\t<div class=\"elementor-column elementor-col-50 elementor-inner-column elementor-element elementor-element-6ff0273f\" data-id=\"6ff0273f\" data-element_type=\"column\">\n\t\t\t<div class=\"elementor-widget-wrap elementor-element-populated\">\n\t\t\t\t\t\t<div class=\"elementor-element elementor-element-1b0f4705 elementor-widget elementor-widget-heading\" data-id=\"1b0f4705\" data-element_type=\"widget\" data-widget_type=\"heading.default\">\n\t\t\t\t<div class=\"elementor-widget-container\">\n\t\t\t\t\t<span class=\"elementor-heading-title elementor-size-default\">Wenn's gef\u00e4llt, bitte an Freunde weiterleiten!\n<\/span>\t\t\t\t<\/div>\n\t\t\t\t<\/div>\n\t\t\t\t\t<\/div>\n\t\t<\/div>\n\t\t\t\t<div class=\"elementor-column elementor-col-50 elementor-inner-column elementor-element elementor-element-675a9364\" data-id=\"675a9364\" data-element_type=\"column\">\n\t\t\t<div class=\"elementor-widget-wrap elementor-element-populated\">\n\t\t\t\t\t\t<div class=\"elementor-element elementor-element-61d76fce elementor-share-buttons--view-icon elementor-share-buttons--align-left elementor-share-buttons-mobile--align-center elementor-share-buttons--skin-gradient elementor-share-buttons--shape-square elementor-grid-0 elementor-share-buttons--color-official elementor-widget elementor-widget-share-buttons\" data-id=\"61d76fce\" data-element_type=\"widget\" data-widget_type=\"share-buttons.default\">\n\t\t\t\t<div class=\"elementor-widget-container\">\n\t\t\t\t\t\t\t<div class=\"elementor-grid\" role=\"list\">\n\t\t\t\t\t\t\t\t<div class=\"elementor-grid-item\" role=\"listitem\">\n\t\t\t\t\t\t<div class=\"elementor-share-btn elementor-share-btn_facebook\" role=\"button\" tabindex=\"0\" aria-label=\"Teilen auf facebook\">\n\t\t\t\t\t\t\t\t\t\t\t\t\t\t\t<span class=\"elementor-share-btn__icon\">\n\t\t\t\t\t\t\t\t<i class=\"fab fa-facebook\" aria-hidden=\"true\"><\/i>\t\t\t\t\t\t\t<\/span>\n\t\t\t\t\t\t\t\t\t\t\t\t\t\t\t\t\t\t\t\t<\/div>\n\t\t\t\t\t<\/div>\n\t\t\t\t\t\t\t\t\t<div class=\"elementor-grid-item\" role=\"listitem\">\n\t\t\t\t\t\t<div class=\"elementor-share-btn elementor-share-btn_twitter\" role=\"button\" tabindex=\"0\" aria-label=\"Teilen auf twitter\">\n\t\t\t\t\t\t\t\t\t\t\t\t\t\t\t<span class=\"elementor-share-btn__icon\">\n\t\t\t\t\t\t\t\t<i class=\"fab fa-twitter\" aria-hidden=\"true\"><\/i>\t\t\t\t\t\t\t<\/span>\n\t\t\t\t\t\t\t\t\t\t\t\t\t\t\t\t\t\t\t\t<\/div>\n\t\t\t\t\t<\/div>\n\t\t\t\t\t\t\t\t\t<div class=\"elementor-grid-item\" role=\"listitem\">\n\t\t\t\t\t\t<div class=\"elementor-share-btn elementor-share-btn_linkedin\" role=\"button\" tabindex=\"0\" aria-label=\"Teilen auf linkedin\">\n\t\t\t\t\t\t\t\t\t\t\t\t\t\t\t<span class=\"elementor-share-btn__icon\">\n\t\t\t\t\t\t\t\t<i class=\"fab fa-linkedin\" aria-hidden=\"true\"><\/i>\t\t\t\t\t\t\t<\/span>\n\t\t\t\t\t\t\t\t\t\t\t\t\t\t\t\t\t\t\t\t<\/div>\n\t\t\t\t\t<\/div>\n\t\t\t\t\t\t\t\t\t<div class=\"elementor-grid-item\" role=\"listitem\">\n\t\t\t\t\t\t<div class=\"elementor-share-btn elementor-share-btn_email\" role=\"button\" tabindex=\"0\" aria-label=\"Teilen auf email\">\n\t\t\t\t\t\t\t\t\t\t\t\t\t\t\t<span class=\"elementor-share-btn__icon\">\n\t\t\t\t\t\t\t\t<i class=\"fas fa-envelope\" aria-hidden=\"true\"><\/i>\t\t\t\t\t\t\t<\/span>\n\t\t\t\t\t\t\t\t\t\t\t\t\t\t\t\t\t\t\t\t<\/div>\n\t\t\t\t\t<\/div>\n\t\t\t\t\t\t<\/div>\n\t\t\t\t\t\t<\/div>\n\t\t\t\t<\/div>\n\t\t\t\t\t<\/div>\n\t\t<\/div>\n\t\t\t\t\t<\/div>\n\t\t<\/section>\n\t\t\t\t\t<\/div>\n\t\t<\/div>\n\t\t\t\t<div class=\"elementor-column elementor-col-25 elementor-top-column elementor-element elementor-element-1aa4eb5c elementor-hidden-phone\" data-id=\"1aa4eb5c\" data-element_type=\"column\">\n\t\t\t<div class=\"elementor-widget-wrap\">\n\t\t\t\t\t\t\t<\/div>\n\t\t<\/div>\n\t\t\t\t\t<\/div>\n\t\t<\/section>\n\t\t\t\t<\/div>\n\t\t","protected":false},"excerpt":{"rendered":"<p>Finanzierung eines MOTOmed Loop in der akut station\u00e4ren Physiotherapie des Universit\u00e4ts-Kinderspital \u2013 Z\u00fcrich, Schweiz Spielerische Bewegungstherapie f\u00fcr mehr als 500 junge, station\u00e4re Patienten im Universit\u00e4ts-Kinderspital in Z\u00fcrich. Das MOTOmed Loop ist ein\u00a0Bewegungstherapieger\u00e4t, das physiotherapeutisches Training bei\u00a0Kinder mit Bewegungseinschr\u00e4nkungen\u00a0im Universit\u00e4ts-Kinderspital Z\u00fcrich in ein lustiges Spielerlebnis verwandelt.\u00a0 Die Kinder k\u00f6nnen sitzend im Rollstuhl, von einem Stuhl aus [&hellip;]<\/p>\n","protected":false},"author":1,"featured_media":0,"parent":0,"menu_order":0,"comment_status":"closed","ping_status":"closed","template":"elementor_header_footer","meta":{"footnotes":""},"class_list":["post-1725","page","type-page","status-publish","hentry"],"_links":{"self":[{"href":"https:\/\/curachildrensfoundation.org\/de\/wp-json\/wp\/v2\/pages\/1725","targetHints":{"allow":["GET"]}}],"collection":[{"href":"https:\/\/curachildrensfoundation.org\/de\/wp-json\/wp\/v2\/pages"}],"about":[{"href":"https:\/\/curachildrensfoundation.org\/de\/wp-json\/wp\/v2\/types\/page"}],"author":[{"embeddable":true,"href":"https:\/\/curachildrensfoundation.org\/de\/wp-json\/wp\/v2\/users\/1"}],"replies":[{"embeddable":true,"href":"https:\/\/curachildrensfoundation.org\/de\/wp-json\/wp\/v2\/comments?post=1725"}],"version-history":[{"count":0,"href":"https:\/\/curachildrensfoundation.org\/de\/wp-json\/wp\/v2\/pages\/1725\/revisions"}],"wp:attachment":[{"href":"https:\/\/curachildrensfoundation.org\/de\/wp-json\/wp\/v2\/media?parent=1725"}],"curies":[{"name":"wp","href":"https:\/\/api.w.org\/{rel}","templated":true}]}}