{"id":1716,"date":"2023-05-11T15:21:32","date_gmt":"2023-05-11T13:21:32","guid":{"rendered":"https:\/\/curachildrensfoundation.org\/startseite\/"},"modified":"2026-04-20T17:47:39","modified_gmt":"2026-04-20T15:47:39","slug":"startseite","status":"publish","type":"page","link":"https:\/\/curachildrensfoundation.org\/de\/","title":{"rendered":"Startseite"},"content":{"rendered":"\t\t<div data-elementor-type=\"wp-page\" data-elementor-id=\"1716\" class=\"elementor elementor-1716 elementor-203\" data-elementor-post-type=\"page\">\n\t\t\t\t\t\t<section class=\"elementor-section elementor-top-section elementor-element elementor-element-6070ff40 elementor-section-height-min-height elementor-section-content-middle elementor-section-items-stretch elementor-section-full_width elementor-section-height-default\" data-id=\"6070ff40\" data-element_type=\"section\" data-settings=\"{&quot;background_background&quot;:&quot;classic&quot;}\">\n\t\t\t\t\t\t\t<div class=\"elementor-background-overlay\"><\/div>\n\t\t\t\t\t\t\t<div class=\"elementor-container elementor-column-gap-default\">\n\t\t\t\t\t<div class=\"elementor-column elementor-col-100 elementor-top-column elementor-element elementor-element-681a9fd\" data-id=\"681a9fd\" data-element_type=\"column\">\n\t\t\t<div class=\"elementor-widget-wrap elementor-element-populated\">\n\t\t\t\t\t\t<div class=\"elementor-element elementor-element-4f3d75d6 elementor-widget elementor-widget-heading\" data-id=\"4f3d75d6\" data-element_type=\"widget\" data-widget_type=\"heading.default\">\n\t\t\t\t<div class=\"elementor-widget-container\">\n\t\t\t\t\t<h2 class=\"elementor-heading-title elementor-size-default\">EINE F\u00dcRSORGLICHE <br> WELT F\u00dcR KINDER<\/h2>\t\t\t\t<\/div>\n\t\t\t\t<\/div>\n\t\t\t\t\t<\/div>\n\t\t<\/div>\n\t\t\t\t\t<\/div>\n\t\t<\/section>\n\t\t\t\t<section class=\"elementor-section elementor-top-section elementor-element elementor-element-3b31a23d elementor-section-full_width elementor-section-height-min-height elementor-section-items-stretch animated-slow elementor-section-height-default elementor-invisible\" data-id=\"3b31a23d\" data-element_type=\"section\" data-settings=\"{&quot;animation&quot;:&quot;fadeIn&quot;}\">\n\t\t\t\t\t\t<div class=\"elementor-container elementor-column-gap-no\">\n\t\t\t\t\t<div class=\"elementor-column elementor-col-66 elementor-top-column elementor-element elementor-element-18d7c7aa\" data-id=\"18d7c7aa\" data-element_type=\"column\">\n\t\t\t<div class=\"elementor-widget-wrap elementor-element-populated\">\n\t\t\t\t\t\t<div class=\"elementor-element elementor-element-6fca05e9 elementor-widget elementor-widget-heading\" data-id=\"6fca05e9\" data-element_type=\"widget\" data-widget_type=\"heading.default\">\n\t\t\t\t<div class=\"elementor-widget-container\">\n\t\t\t\t\t<h2 class=\"elementor-heading-title elementor-size-default\">KINDER F\u00dcR DAS LEBEN ST\u00c4RKEN<\/h2>\t\t\t\t<\/div>\n\t\t\t\t<\/div>\n\t\t\t\t<div class=\"elementor-element elementor-element-1754eac9 elementor-hidden-phone elementor-widget-divider--view-line elementor-widget elementor-widget-divider\" data-id=\"1754eac9\" data-element_type=\"widget\" data-widget_type=\"divider.default\">\n\t\t\t\t<div class=\"elementor-widget-container\">\n\t\t\t\t\t\t\t<div class=\"elementor-divider\">\n\t\t\t<span class=\"elementor-divider-separator\">\n\t\t\t\t\t\t<\/span>\n\t\t<\/div>\n\t\t\t\t\t\t<\/div>\n\t\t\t\t<\/div>\n\t\t\t\t<div class=\"elementor-element elementor-element-3b43f97a elementor-widget elementor-widget-text-editor\" data-id=\"3b43f97a\" data-element_type=\"widget\" data-widget_type=\"text-editor.default\">\n\t\t\t\t<div class=\"elementor-widget-container\">\n\t\t\t\t\t\t\t\t\t<p>\u201e<strong>Cura<\/strong>\u201c ist das lateinische Wort f\u00fcr \u201eF\u00fcrsorge\u201c und somit das Leitmotiv der Cura Children\u2019s Foundation: <strong>Gemeinschaftliche Initiativen<\/strong> zum Wohl von Kindern und Familien in Not in der Schweiz. Wir glauben, dass jeder von uns die F\u00e4higkeit hat, das Leben eines Kindes durch sinnvolle Gesten positiv zu beeinflussen. Unsere Mission ist es, das Leben von Kindern durch solches Handeln zu st\u00e4rken. <strong>Deshalb wollen wir 3 Einzelprojekte pro Jahr umsetzten.<\/strong>\u00a0Etwa alle vier Monate wird ein neues Projekt vorgestellt, welches mit Spenden unterst\u00fctzt werden kann.<\/p>\t\t\t\t\t\t\t\t<\/div>\n\t\t\t\t<\/div>\n\t\t\t\t<div class=\"elementor-element elementor-element-215d1d29 elementor-hidden-desktop elementor-hidden-tablet elementor-widget elementor-widget-image\" data-id=\"215d1d29\" data-element_type=\"widget\" data-widget_type=\"image.default\">\n\t\t\t\t<div class=\"elementor-widget-container\">\n\t\t\t\t\t\t\t\t\t\t\t\t\t\t\t<img fetchpriority=\"high\" decoding=\"async\" width=\"800\" height=\"560\" src=\"https:\/\/curachildrensfoundation.org\/wp-content\/uploads\/2024\/01\/5C9E1DAB-D721-4CC5-B200-41E0FD561B9F-1024x717.webp\" class=\"attachment-large size-large wp-image-3199\" alt=\"\" srcset=\"https:\/\/curachildrensfoundation.org\/wp-content\/uploads\/2024\/01\/5C9E1DAB-D721-4CC5-B200-41E0FD561B9F-1024x717.webp 1024w, https:\/\/curachildrensfoundation.org\/wp-content\/uploads\/2024\/01\/5C9E1DAB-D721-4CC5-B200-41E0FD561B9F-300x210.webp 300w, https:\/\/curachildrensfoundation.org\/wp-content\/uploads\/2024\/01\/5C9E1DAB-D721-4CC5-B200-41E0FD561B9F-768x537.webp 768w, https:\/\/curachildrensfoundation.org\/wp-content\/uploads\/2024\/01\/5C9E1DAB-D721-4CC5-B200-41E0FD561B9F-1536x1075.webp 1536w, https:\/\/curachildrensfoundation.org\/wp-content\/uploads\/2024\/01\/5C9E1DAB-D721-4CC5-B200-41E0FD561B9F-2048x1433.webp 2048w\" sizes=\"(max-width: 800px) 100vw, 800px\" \/>\t\t\t\t\t\t\t\t\t\t\t\t\t\t\t<\/div>\n\t\t\t\t<\/div>\n\t\t\t\t\t<\/div>\n\t\t<\/div>\n\t\t\t\t<div class=\"elementor-column elementor-col-33 elementor-top-column elementor-element elementor-element-79108d5c elementor-hidden-phone\" data-id=\"79108d5c\" data-element_type=\"column\" data-settings=\"{&quot;background_background&quot;:&quot;classic&quot;}\">\n\t\t\t<div class=\"elementor-widget-wrap\">\n\t\t\t\t\t\t\t<\/div>\n\t\t<\/div>\n\t\t\t\t\t<\/div>\n\t\t<\/section>\n\t\t\t\t<section class=\"elementor-section elementor-top-section elementor-element elementor-element-547d8689 animated-slow elementor-section-boxed elementor-section-height-default elementor-section-height-default elementor-invisible\" data-id=\"547d8689\" data-element_type=\"section\" data-settings=\"{&quot;animation&quot;:&quot;fadeIn&quot;}\">\n\t\t\t\t\t\t<div class=\"elementor-container elementor-column-gap-default\">\n\t\t\t\t\t<div class=\"elementor-column elementor-col-100 elementor-top-column elementor-element elementor-element-120af7f4\" data-id=\"120af7f4\" data-element_type=\"column\">\n\t\t\t<div class=\"elementor-widget-wrap elementor-element-populated\">\n\t\t\t\t\t\t<div class=\"elementor-element elementor-element-458bc7f9 elementor-widget elementor-widget-heading\" data-id=\"458bc7f9\" data-element_type=\"widget\" data-widget_type=\"heading.default\">\n\t\t\t\t<div class=\"elementor-widget-container\">\n\t\t\t\t\t<h2 class=\"elementor-heading-title elementor-size-default\">UNSERE PROJEKTE<\/h2>\t\t\t\t<\/div>\n\t\t\t\t<\/div>\n\t\t\t\t<div class=\"elementor-element elementor-element-7324e7e5 elementor-widget-divider--view-line elementor-widget elementor-widget-divider\" data-id=\"7324e7e5\" data-element_type=\"widget\" data-widget_type=\"divider.default\">\n\t\t\t\t<div class=\"elementor-widget-container\">\n\t\t\t\t\t\t\t<div class=\"elementor-divider\">\n\t\t\t<span class=\"elementor-divider-separator\">\n\t\t\t\t\t\t<\/span>\n\t\t<\/div>\n\t\t\t\t\t\t<\/div>\n\t\t\t\t<\/div>\n\t\t\t\t<div class=\"elementor-element elementor-element-6c260a49 elementor-widget elementor-widget-heading\" data-id=\"6c260a49\" data-element_type=\"widget\" data-widget_type=\"heading.default\">\n\t\t\t\t<div class=\"elementor-widget-container\">\n\t\t\t\t\t<h2 class=\"elementor-heading-title elementor-size-default\">Cura Children's Foundation in Aktion<\/h2>\t\t\t\t<\/div>\n\t\t\t\t<\/div>\n\t\t\t\t<section class=\"elementor-section elementor-inner-section elementor-element elementor-element-378f672d elementor-section-boxed elementor-section-height-default elementor-section-height-default\" data-id=\"378f672d\" data-element_type=\"section\">\n\t\t\t\t\t\t<div class=\"elementor-container elementor-column-gap-extended\">\n\t\t\t\t\t<div class=\"elementor-column elementor-col-33 elementor-inner-column elementor-element elementor-element-5bd9ee7c\" data-id=\"5bd9ee7c\" data-element_type=\"column\">\n\t\t\t<div class=\"elementor-widget-wrap elementor-element-populated\">\n\t\t\t\t\t\t<div class=\"elementor-element elementor-element-f6a03b3 elementor-position-top elementor-widget elementor-widget-image-box\" data-id=\"f6a03b3\" data-element_type=\"widget\" data-widget_type=\"image-box.default\">\n\t\t\t\t<div class=\"elementor-widget-container\">\n\t\t\t\t\t<div class=\"elementor-image-box-wrapper\"><figure class=\"elementor-image-box-img\"><a href=\"https:\/\/curachildrensfoundation.org\/cura-empower-up-inclusion-camp-gstaad-switzerland\/\" tabindex=\"-1\"><img decoding=\"async\" width=\"800\" height=\"623\" src=\"https:\/\/curachildrensfoundation.org\/wp-content\/uploads\/2026\/04\/power-upg-2-1024x798.jpg\" class=\"attachment-large size-large wp-image-5746\" alt=\"\" srcset=\"https:\/\/curachildrensfoundation.org\/wp-content\/uploads\/2026\/04\/power-upg-2-1024x798.jpg 1024w, https:\/\/curachildrensfoundation.org\/wp-content\/uploads\/2026\/04\/power-upg-2-300x234.jpg 300w, https:\/\/curachildrensfoundation.org\/wp-content\/uploads\/2026\/04\/power-upg-2-768x598.jpg 768w, https:\/\/curachildrensfoundation.org\/wp-content\/uploads\/2026\/04\/power-upg-2.jpg 1081w\" sizes=\"(max-width: 800px) 100vw, 800px\" \/><\/a><\/figure><div class=\"elementor-image-box-content\"><h3 class=\"elementor-image-box-title\"><a href=\"https:\/\/curachildrensfoundation.org\/cura-empower-up-inclusion-camp-gstaad-switzerland\/\">CURA Empower UP! Inklusions Camp - Gstaad, Schweiz<\/a><\/h3><p class=\"elementor-image-box-description\">Ein integratives Camp in den Bergen f\u00fcr M\u00e4dchen (8\u201312), das Selbstbewusstsein st\u00e4rkt, pers\u00f6nliches Wachstum f\u00f6rdert und neue Energie f\u00fcrs Schuljahr gibt ...\n\n<br><br><a href=\"https:\/\/curachildrensfoundation.org\/cura-empower-up-inclusion-camp-gstaad-switzerland\/\">Weiterlesen<\/a><\/p><\/div><\/div>\t\t\t\t<\/div>\n\t\t\t\t<\/div>\n\t\t\t\t\t<\/div>\n\t\t<\/div>\n\t\t\t\t<div class=\"elementor-column elementor-col-33 elementor-inner-column elementor-element elementor-element-1925cd08\" data-id=\"1925cd08\" data-element_type=\"column\">\n\t\t\t<div class=\"elementor-widget-wrap elementor-element-populated\">\n\t\t\t\t\t\t<div class=\"elementor-element elementor-element-45b0659 elementor-position-top elementor-widget elementor-widget-image-box\" data-id=\"45b0659\" data-element_type=\"widget\" data-widget_type=\"image-box.default\">\n\t\t\t\t<div class=\"elementor-widget-container\">\n\t\t\t\t\t<div class=\"elementor-image-box-wrapper\"><figure class=\"elementor-image-box-img\"><a href=\"https:\/\/curachildrensfoundation.org\" tabindex=\"-1\"><img decoding=\"async\" width=\"800\" height=\"623\" src=\"https:\/\/curachildrensfoundation.org\/wp-content\/uploads\/2026\/04\/coming-soon-german-1024x798.jpg\" class=\"attachment-large size-large wp-image-5645\" alt=\"\" srcset=\"https:\/\/curachildrensfoundation.org\/wp-content\/uploads\/2026\/04\/coming-soon-german-1024x798.jpg 1024w, https:\/\/curachildrensfoundation.org\/wp-content\/uploads\/2026\/04\/coming-soon-german-300x234.jpg 300w, https:\/\/curachildrensfoundation.org\/wp-content\/uploads\/2026\/04\/coming-soon-german-768x598.jpg 768w, https:\/\/curachildrensfoundation.org\/wp-content\/uploads\/2026\/04\/coming-soon-german.jpg 1081w\" sizes=\"(max-width: 800px) 100vw, 800px\" \/><\/a><\/figure><\/div>\t\t\t\t<\/div>\n\t\t\t\t<\/div>\n\t\t\t\t\t<\/div>\n\t\t<\/div>\n\t\t\t\t<div class=\"elementor-column elementor-col-33 elementor-inner-column elementor-element elementor-element-3385aade\" data-id=\"3385aade\" data-element_type=\"column\">\n\t\t\t<div class=\"elementor-widget-wrap elementor-element-populated\">\n\t\t\t\t\t\t<div class=\"elementor-element elementor-element-62325d6 elementor-position-top elementor-widget elementor-widget-image-box\" data-id=\"62325d6\" data-element_type=\"widget\" data-widget_type=\"image-box.default\">\n\t\t\t\t<div class=\"elementor-widget-container\">\n\t\t\t\t\t<div class=\"elementor-image-box-wrapper\"><figure class=\"elementor-image-box-img\"><a href=\"https:\/\/curachildrensfoundation.org\/de\/das-cura-dachkonkonzept-ganze-schweiz\/\" tabindex=\"-1\"><img loading=\"lazy\" decoding=\"async\" width=\"800\" height=\"622\" src=\"https:\/\/curachildrensfoundation.org\/wp-content\/uploads\/2025\/11\/thumbnail_IMMER-1024x796.jpg\" class=\"attachment-large size-large wp-image-5420\" alt=\"\" srcset=\"https:\/\/curachildrensfoundation.org\/wp-content\/uploads\/2025\/11\/thumbnail_IMMER-1024x796.jpg 1024w, https:\/\/curachildrensfoundation.org\/wp-content\/uploads\/2025\/11\/thumbnail_IMMER-300x233.jpg 300w, https:\/\/curachildrensfoundation.org\/wp-content\/uploads\/2025\/11\/thumbnail_IMMER-768x597.jpg 768w, https:\/\/curachildrensfoundation.org\/wp-content\/uploads\/2025\/11\/thumbnail_IMMER.jpg 1389w\" sizes=\"(max-width: 800px) 100vw, 800px\" \/><\/a><\/figure><div class=\"elementor-image-box-content\"><h3 class=\"elementor-image-box-title\"><a href=\"https:\/\/curachildrensfoundation.org\/de\/das-cura-dachkonkonzept-ganze-schweiz\/\">Das Cura Umbrella Konzept \u2013 Ganze Schweiz<\/a><\/h3><p class=\"elementor-image-box-description\">Da wir immer mehr individuelle Hilfsanfragen erhalten, haben wir beschlossen, das Cura Umbrella Konzept ins Leben zu rufen. Diese Initiative wird mehrere kleinere Projekte umfassen, die darauf ausgerichtet sind, direkte Unterst\u00fctzung f\u00fcr Kinder mit Behinderungen und\/oder in Not in der ganzen Schweiz zu leisten ... <br><br><a href=https:\/\/curachildrensfoundation.org\/de\/das-cura-dachkonkonzept-ganze-schweiz\/\">Weiterlesen<\/a><\/p><\/div><\/div>\t\t\t\t<\/div>\n\t\t\t\t<\/div>\n\t\t\t\t\t<\/div>\n\t\t<\/div>\n\t\t\t\t\t<\/div>\n\t\t<\/section>\n\t\t\t\t\t<\/div>\n\t\t<\/div>\n\t\t\t\t\t<\/div>\n\t\t<\/section>\n\t\t\t\t<\/div>\n\t\t","protected":false},"excerpt":{"rendered":"<p>EINE F\u00dcRSORGLICHE WELT F\u00dcR KINDER KINDER F\u00dcR DAS LEBEN ST\u00c4RKEN \u201eCura\u201c ist das lateinische Wort f\u00fcr \u201eF\u00fcrsorge\u201c und somit das Leitmotiv der Cura Children\u2019s Foundation: Gemeinschaftliche Initiativen zum Wohl von Kindern und Familien in Not in der Schweiz. Wir glauben, dass jeder von uns die F\u00e4higkeit hat, das Leben eines Kindes durch sinnvolle Gesten positiv [&hellip;]<\/p>\n","protected":false},"author":1,"featured_media":0,"parent":0,"menu_order":0,"comment_status":"closed","ping_status":"closed","template":"elementor_header_footer","meta":{"footnotes":""},"class_list":["post-1716","page","type-page","status-publish","hentry"],"_links":{"self":[{"href":"https:\/\/curachildrensfoundation.org\/de\/wp-json\/wp\/v2\/pages\/1716","targetHints":{"allow":["GET"]}}],"collection":[{"href":"https:\/\/curachildrensfoundation.org\/de\/wp-json\/wp\/v2\/pages"}],"about":[{"href":"https:\/\/curachildrensfoundation.org\/de\/wp-json\/wp\/v2\/types\/page"}],"author":[{"embeddable":true,"href":"https:\/\/curachildrensfoundation.org\/de\/wp-json\/wp\/v2\/users\/1"}],"replies":[{"embeddable":true,"href":"https:\/\/curachildrensfoundation.org\/de\/wp-json\/wp\/v2\/comments?post=1716"}],"version-history":[{"count":162,"href":"https:\/\/curachildrensfoundation.org\/de\/wp-json\/wp\/v2\/pages\/1716\/revisions"}],"predecessor-version":[{"id":5761,"href":"https:\/\/curachildrensfoundation.org\/de\/wp-json\/wp\/v2\/pages\/1716\/revisions\/5761"}],"wp:attachment":[{"href":"https:\/\/curachildrensfoundation.org\/de\/wp-json\/wp\/v2\/media?parent=1716"}],"curies":[{"name":"wp","href":"https:\/\/api.w.org\/{rel}","templated":true}]}}