{"id":1709,"date":"2023-05-11T15:21:31","date_gmt":"2023-05-11T13:21:31","guid":{"rendered":"https:\/\/curachildrensfoundation.org\/cura-childrens-inclusion-camp-lauenen-schweiz\/"},"modified":"2025-04-03T15:08:36","modified_gmt":"2025-04-03T13:08:36","slug":"cura-childrens-inklusions-camp-lauenen-schweiz","status":"publish","type":"page","link":"https:\/\/curachildrensfoundation.org\/de\/cura-childrens-inklusions-camp-lauenen-schweiz\/","title":{"rendered":"Cura Children&#8217;s Inklusion camp &#8211; Lauenen, Schweiz"},"content":{"rendered":"<style>\/*! elementor - v3.13.1 - 09-05-2023 *\/\n.elementor-widget-image{text-align:center}.elementor-widget-image a{display:inline-block}.elementor-widget-image a img[src$=\".svg\"]{width:48px}.elementor-widget-image img{vertical-align:middle;display:inline-block}<\/style>\n<p>\t\t\t\t\t\t\t\t\t\t\t\t<img loading=\"lazy\" decoding=\"async\" width=\"800\" height=\"600\" src=\"https:\/\/curachildrensfoundation.org\/wp-content\/uploads\/2023\/05\/IMG_20210812_154546-scaled-1-1024x768.jpg\" alt=\"\" loading=\"lazy\" srcset=\"https:\/\/curachildrensfoundation.org\/wp-content\/uploads\/2023\/05\/IMG_20210812_154546-scaled-1-1024x768.jpg 1024w, https:\/\/curachildrensfoundation.org\/wp-content\/uploads\/2023\/05\/IMG_20210812_154546-scaled-1-300x225.jpg 300w, https:\/\/curachildrensfoundation.org\/wp-content\/uploads\/2023\/05\/IMG_20210812_154546-scaled-1-768x576.jpg 768w, https:\/\/curachildrensfoundation.org\/wp-content\/uploads\/2023\/05\/IMG_20210812_154546-scaled-1-1536x1152.jpg 1536w, https:\/\/curachildrensfoundation.org\/wp-content\/uploads\/2023\/05\/IMG_20210812_154546-scaled-1-2048x1536.jpg 2048w\" sizes=\"auto, (max-width: 800px) 100vw, 800px\" \/>\t\t\t\t\t\t\t\t\t\t\t\t\t\t\t<\/p>\n<style>\/*! elementor - v3.13.1 - 09-05-2023 *\/\n.elementor-heading-title{padding:0;margin:0;line-height:1}.elementor-widget-heading .elementor-heading-title[class*=elementor-size-]>a{color:inherit;font-size:inherit;line-height:inherit}.elementor-widget-heading .elementor-heading-title.elementor-size-small{font-size:15px}.elementor-widget-heading .elementor-heading-title.elementor-size-medium{font-size:19px}.elementor-widget-heading .elementor-heading-title.elementor-size-large{font-size:29px}.elementor-widget-heading .elementor-heading-title.elementor-size-xl{font-size:39px}.elementor-widget-heading .elementor-heading-title.elementor-size-xxl{font-size:59px}<\/style>\n<h1>Cura Children&#8217;s Inclusion Camp &#8211; Lauenen, Schweiz<\/h1>\n<style>\/*! elementor - v3.13.1 - 09-05-2023 *\/\n.elementor-widget-divider{--divider-border-style:none;--divider-border-width:1px;--divider-color:#0c0d0e;--divider-icon-size:20px;--divider-element-spacing:10px;--divider-pattern-height:24px;--divider-pattern-size:20px;--divider-pattern-url:none;--divider-pattern-repeat:repeat-x}.elementor-widget-divider .elementor-divider{display:flex}.elementor-widget-divider .elementor-divider__text{font-size:15px;line-height:1;max-width:95%}.elementor-widget-divider .elementor-divider__element{margin:0 var(--divider-element-spacing);flex-shrink:0}.elementor-widget-divider .elementor-icon{font-size:var(--divider-icon-size)}.elementor-widget-divider .elementor-divider-separator{display:flex;margin:0;direction:ltr}.elementor-widget-divider--view-line_icon .elementor-divider-separator,.elementor-widget-divider--view-line_text .elementor-divider-separator{align-items:center}.elementor-widget-divider--view-line_icon .elementor-divider-separator:after,.elementor-widget-divider--view-line_icon .elementor-divider-separator:before,.elementor-widget-divider--view-line_text .elementor-divider-separator:after,.elementor-widget-divider--view-line_text .elementor-divider-separator:before{display:block;content:\"\";border-bottom:0;flex-grow:1;border-top:var(--divider-border-width) var(--divider-border-style) var(--divider-color)}.elementor-widget-divider--element-align-left .elementor-divider .elementor-divider-separator>.elementor-divider__svg:first-of-type{flex-grow:0;flex-shrink:100}.elementor-widget-divider--element-align-left .elementor-divider-separator:before{content:none}.elementor-widget-divider--element-align-left .elementor-divider__element{margin-left:0}.elementor-widget-divider--element-align-right .elementor-divider .elementor-divider-separator>.elementor-divider__svg:last-of-type{flex-grow:0;flex-shrink:100}.elementor-widget-divider--element-align-right .elementor-divider-separator:after{content:none}.elementor-widget-divider--element-align-right .elementor-divider__element{margin-right:0}.elementor-widget-divider:not(.elementor-widget-divider--view-line_text):not(.elementor-widget-divider--view-line_icon) .elementor-divider-separator{border-top:var(--divider-border-width) var(--divider-border-style) var(--divider-color)}.elementor-widget-divider--separator-type-pattern{--divider-border-style:none}.elementor-widget-divider--separator-type-pattern.elementor-widget-divider--view-line .elementor-divider-separator,.elementor-widget-divider--separator-type-pattern:not(.elementor-widget-divider--view-line) .elementor-divider-separator:after,.elementor-widget-divider--separator-type-pattern:not(.elementor-widget-divider--view-line) .elementor-divider-separator:before,.elementor-widget-divider--separator-type-pattern:not([class*=elementor-widget-divider--view]) .elementor-divider-separator{width:100%;min-height:var(--divider-pattern-height);-webkit-mask-size:var(--divider-pattern-size) 100%;mask-size:var(--divider-pattern-size) 100%;-webkit-mask-repeat:var(--divider-pattern-repeat);mask-repeat:var(--divider-pattern-repeat);background-color:var(--divider-color);-webkit-mask-image:var(--divider-pattern-url);mask-image:var(--divider-pattern-url)}.elementor-widget-divider--no-spacing{--divider-pattern-size:auto}.elementor-widget-divider--bg-round{--divider-pattern-repeat:round}.rtl .elementor-widget-divider .elementor-divider__text{direction:rtl}.e-con-inner>.elementor-widget-divider,.e-con>.elementor-widget-divider{width:var(--container-widget-width,100%);--flex-grow:var(--container-widget-flex-grow)}<\/style>\n<h3>Das Cura Children&#8217;s Inclusion Camp im August 2022 hat zum Ziel, Kinder mit und ohne Behinderung zusammenzubringen.<\/h3>\n<p>Das Ziel dieses Camps ist es, <strong>Kindern mit Behinderungen das Gef\u00fchl der Integration und Zugeh\u00f6rigkeit<\/strong> zu vermitteln. Daher wird die Gruppe eine Mischung aus vier Kindern mit Behinderungen und drei Kindern ohne Behinderungen sein. Der Schwerpunkt liegt auf Spa\u00df, gemeinsamen Erlebnissen und Zusammensein.<\/p>\n<p>Unser Zuhause f\u00fcr die 5 Tage ist ein kleines Studentenwohnheim in Lauenen in den Berner Alpen. Zu unserem ersten Camp begr\u00fc\u00dfen wir nicht nur die Kinder, sondern auch deren Eltern und Therapeuten.<br \/>Unsere Camper kommen aus der Region Basel und werden von den Br\u00fcdern Noel und Gabriel Fangh\u00e4nel betreut, zwei langj\u00e4hrigen Sozialarbeitern, die <strong>sich auf Inklusion spezialisiert<\/strong> haben.<\/p>\n<p>Bei der <strong>Inklusion geht es darum, allen die gleichen Aktivit\u00e4ten anzubieten<\/strong> und gleichzeitig Unterst\u00fctzung und Dienstleistungen bereitzustellen, um den Unterschieden der Kinder gerecht zu werden. Mit Hilfe der Eltern, Sozialarbeiter und Therapeuten haben wir die Aktivit\u00e4ten ausgew\u00e4hlt, wobei wir die besonderen St\u00e4rken und Herausforderungen jedes Kindes ber\u00fccksichtigt haben.  <strong>Alle werden entdecken, dass Kinder mit und ohne Behinderungen mehr gemeinsam haben als das, was sie voneinander trennt.<\/strong><\/p>\n<p><strong>Die Kosten f\u00fcr 14 Campteilnehmer (7 Kinder, 3 Therapeuten, 3 Eltern, 2 Sozialarbeiter)<\/strong><\/p>\n<table width=\"100%\">\n<tbody>\n<tr>\n<td align=\"left\"><strong>Aktivit\u00e4ten<\/strong><\/td>\n<td align=\"left\"> <\/td>\n<\/tr>\n<tr>\n<td align=\"left\">Kunsthandwerkliche Therapie<\/td>\n<td align=\"left\"> <\/td>\n<\/tr>\n<tr>\n<td align=\"left\">BBQ @ Lauenen See<\/td>\n<td align=\"left\"> <\/td>\n<\/tr>\n<tr>\n<td align=\"left\">Cimgo Behinderung Go Cart<\/td>\n<td align=\"left\"> <\/td>\n<\/tr>\n<tr>\n<td align=\"left\">Wanderung mit Picknick auf dem Berg<\/td>\n<td align=\"left\"> <\/td>\n<\/tr>\n<tr>\n<td align=\"left\">Saanen Pool mit Mittagessen<\/td>\n<td align=\"left\"> <\/td>\n<\/tr>\n<tr>\n<td align=\"left\">Therapie auf dem Pferder\u00fccken<\/td>\n<td align=\"left\"> <\/td>\n<\/tr>\n<tr>\n<td align=\"left\">Pizza backen<\/td>\n<td align=\"left\"> <\/td>\n<\/tr>\n<tr>\n<td align=\"left\">5 Tage Schlafunterkunft<\/td>\n<td align=\"left\"> <\/td>\n<\/tr>\n<tr>\n<td align=\"left\">Auf Wiedersehen beim Abendessen<\/td>\n<td align=\"left\"> <\/td>\n<\/tr>\n<tr>\n<td align=\"left\">\n  <strong>TOTAL <\/strong>\n<\/td>\n<td align=\"left\">\n  <strong>CHF 4&#8217;500<\/strong>\n<\/td>\n<\/tr>\n<\/tbody>\n<\/table>\n<h2>Vielen Dank &#8211; jeder noch so kleiner Betrag z\u00e4hlt!<\/h2>\n<p>\t\t\t\t\t\t\t\t\t\t\t\t\t\t\t<img loading=\"lazy\" decoding=\"async\" width=\"800\" height=\"521\" src=\"https:\/\/curachildrensfoundation.org\/wp-content\/uploads\/2023\/04\/Cura-graph-transparent-1024x667.png\" alt=\"\" loading=\"lazy\" srcset=\"https:\/\/curachildrensfoundation.org\/wp-content\/uploads\/2023\/04\/Cura-graph-transparent-1024x667.png 1024w, https:\/\/curachildrensfoundation.org\/wp-content\/uploads\/2023\/04\/Cura-graph-transparent-300x195.png 300w, https:\/\/curachildrensfoundation.org\/wp-content\/uploads\/2023\/04\/Cura-graph-transparent-768x500.png 768w, https:\/\/curachildrensfoundation.org\/wp-content\/uploads\/2023\/04\/Cura-graph-transparent.png 1100w\" sizes=\"auto, (max-width: 800px) 100vw, 800px\" \/>\t\t\t\t\t\t\t\t\t\t\t\t\t\t\t<\/p>\n<style>\/*! elementor - v3.13.1 - 09-05-2023 *\/\n.elementor-widget-progress{text-align:left}.elementor-progress-wrapper{position:relative;background-color:#eee;color:#fff;height:100%;border-radius:2px}.elementor-progress-bar{display:flex;background-color:#69727d;width:0;font-size:11px;height:30px;line-height:30px;border-radius:2px;transition:width 1s ease-in-out}.elementor-progress-text{flex-grow:1;white-space:nowrap;text-overflow:ellipsis;overflow:hidden;padding-left:15px}.elementor-progress-percentage{padding-right:15px}.elementor-widget-progress .elementor-progress-wrapper.progress-info .elementor-progress-bar{background-color:#5bc0de}.elementor-widget-progress .elementor-progress-wrapper.progress-success .elementor-progress-bar{background-color:#5cb85c}.elementor-widget-progress .elementor-progress-wrapper.progress-warning .elementor-progress-bar{background-color:#f0ad4e}.elementor-widget-progress .elementor-progress-wrapper.progress-danger .elementor-progress-bar{background-color:#d9534f}.elementor-progress .elementor-title{display:block}@media (max-width:767px){.elementor-progress-text{padding-left:10px}}.e-con-inner .elementor-progress-wrapper,.e-con .elementor-progress-wrapper{height:auto}<\/style>\n<p>\t\t\tGoal reached &#8211; Project closed<br \/>\n\t\t\t\tCHF 4,500<br \/>\n\t\t\t\t\t\t\t\t\t100%<\/p>\n<style>\/*! elementor - v3.13.1 - 09-05-2023 *\/\n.elementor-widget-image-carousel .swiper,.elementor-widget-image-carousel .swiper-container{position:static}.elementor-widget-image-carousel .swiper-container .swiper-slide figure,.elementor-widget-image-carousel .swiper .swiper-slide figure{line-height:inherit}.elementor-widget-image-carousel .swiper-slide{text-align:center}.elementor-image-carousel-wrapper:not(.swiper-container-initialized):not(.swiper-initialized) .swiper-slide{max-width:calc(100% \/ var(--e-image-carousel-slides-to-show, 3))}<\/style>\n<figure><img decoding=\"async\" src=\"https:\/\/curachildrensfoundation.org\/wp-content\/uploads\/2023\/05\/IMG_8539-2-scaled-q1izl99a4sksev1bwztlakv4kor59krkm1obfzf0n4.jpeg\" alt=\"IMG_8539-2-scaled-q1izl99a4sksev1bwztlakv4kor59krkm1obfzf0n4\" \/><\/figure>\n<p>\t\t\tShare This Cause, Choose Your Platform!\n\t\t\t<link rel=\"stylesheet\" href=\"https:\/\/curachildrensfoundation.org\/wp-content\/plugins\/elementor-pro\/assets\/css\/widget-share-buttons.min.css\">\n","protected":false},"excerpt":{"rendered":"<p>Cura Children&#8217;s Inclusion Camp &#8211; Lauenen, Schweiz Das Cura Children&#8217;s Inclusion Camp im August 2022 hat zum Ziel, Kinder mit und ohne Behinderung zusammenzubringen. Das Ziel dieses Camps ist es, Kindern mit Behinderungen das Gef\u00fchl der Integration und Zugeh\u00f6rigkeit zu vermitteln. Daher wird die Gruppe eine Mischung aus vier Kindern mit Behinderungen und drei Kindern [&hellip;]<\/p>\n","protected":false},"author":1,"featured_media":0,"parent":0,"menu_order":0,"comment_status":"closed","ping_status":"closed","template":"elementor_header_footer","meta":{"footnotes":""},"class_list":["post-1709","page","type-page","status-publish","hentry"],"_links":{"self":[{"href":"https:\/\/curachildrensfoundation.org\/de\/wp-json\/wp\/v2\/pages\/1709","targetHints":{"allow":["GET"]}}],"collection":[{"href":"https:\/\/curachildrensfoundation.org\/de\/wp-json\/wp\/v2\/pages"}],"about":[{"href":"https:\/\/curachildrensfoundation.org\/de\/wp-json\/wp\/v2\/types\/page"}],"author":[{"embeddable":true,"href":"https:\/\/curachildrensfoundation.org\/de\/wp-json\/wp\/v2\/users\/1"}],"replies":[{"embeddable":true,"href":"https:\/\/curachildrensfoundation.org\/de\/wp-json\/wp\/v2\/comments?post=1709"}],"version-history":[{"count":2,"href":"https:\/\/curachildrensfoundation.org\/de\/wp-json\/wp\/v2\/pages\/1709\/revisions"}],"predecessor-version":[{"id":4479,"href":"https:\/\/curachildrensfoundation.org\/de\/wp-json\/wp\/v2\/pages\/1709\/revisions\/4479"}],"wp:attachment":[{"href":"https:\/\/curachildrensfoundation.org\/de\/wp-json\/wp\/v2\/media?parent=1709"}],"curies":[{"name":"wp","href":"https:\/\/api.w.org\/{rel}","templated":true}]}}