{"id":1703,"date":"2023-05-11T15:21:32","date_gmt":"2023-05-11T13:21:32","guid":{"rendered":"https:\/\/curachildrensfoundation.org\/jetzt-spenden\/"},"modified":"2023-05-12T09:46:06","modified_gmt":"2023-05-12T07:46:06","slug":"jetzt-spenden","status":"publish","type":"page","link":"https:\/\/curachildrensfoundation.org\/de\/jetzt-spenden\/","title":{"rendered":"Jetzt spenden"},"content":{"rendered":"\t\t<div data-elementor-type=\"wp-page\" data-elementor-id=\"1703\" class=\"elementor elementor-1703 elementor-197\" data-elementor-post-type=\"page\">\n\t\t\t\t\t\t<section class=\"elementor-section elementor-top-section elementor-element elementor-element-53f6fe18 elementor-section-boxed elementor-section-height-default elementor-section-height-default\" data-id=\"53f6fe18\" data-element_type=\"section\">\n\t\t\t\t\t\t<div class=\"elementor-container elementor-column-gap-default\">\n\t\t\t\t\t<div class=\"elementor-column elementor-col-100 elementor-top-column elementor-element elementor-element-77542ee7\" data-id=\"77542ee7\" data-element_type=\"column\">\n\t\t\t<div class=\"elementor-widget-wrap\">\n\t\t\t\t\t\t\t<\/div>\n\t\t<\/div>\n\t\t\t\t\t<\/div>\n\t\t<\/section>\n\t\t\t\t<section class=\"elementor-section elementor-top-section elementor-element elementor-element-77484e58 animated-slow elementor-section-boxed elementor-section-height-default elementor-section-height-default elementor-invisible\" data-id=\"77484e58\" data-element_type=\"section\" data-settings=\"{&quot;animation&quot;:&quot;fadeIn&quot;}\">\n\t\t\t\t\t\t<div class=\"elementor-container elementor-column-gap-default\">\n\t\t\t\t\t<div class=\"elementor-column elementor-col-100 elementor-top-column elementor-element elementor-element-68dda33c\" data-id=\"68dda33c\" data-element_type=\"column\">\n\t\t\t<div class=\"elementor-widget-wrap elementor-element-populated\">\n\t\t\t\t\t\t<div class=\"elementor-element elementor-element-71b9f7b4 elementor-widget elementor-widget-heading\" data-id=\"71b9f7b4\" data-element_type=\"widget\" data-widget_type=\"heading.default\">\n\t\t\t\t<div class=\"elementor-widget-container\">\n\t\t\t\t\t<h2 class=\"elementor-heading-title elementor-size-default\">Per Bank\u00fcberweisung<\/h2>\t\t\t\t<\/div>\n\t\t\t\t<\/div>\n\t\t\t\t<div class=\"elementor-element elementor-element-4272516b elementor-widget-divider--view-line elementor-widget elementor-widget-divider\" data-id=\"4272516b\" data-element_type=\"widget\" data-widget_type=\"divider.default\">\n\t\t\t\t<div class=\"elementor-widget-container\">\n\t\t\t\t\t\t\t<div class=\"elementor-divider\">\n\t\t\t<span class=\"elementor-divider-separator\">\n\t\t\t\t\t\t<\/span>\n\t\t<\/div>\n\t\t\t\t\t\t<\/div>\n\t\t\t\t<\/div>\n\t\t\t\t<section class=\"elementor-section elementor-inner-section elementor-element elementor-element-1a75aba0 elementor-section-boxed elementor-section-height-default elementor-section-height-default\" data-id=\"1a75aba0\" data-element_type=\"section\">\n\t\t\t\t\t\t<div class=\"elementor-container elementor-column-gap-default\">\n\t\t\t\t\t<div class=\"elementor-column elementor-col-33 elementor-inner-column elementor-element elementor-element-4a41758c\" data-id=\"4a41758c\" data-element_type=\"column\">\n\t\t\t<div class=\"elementor-widget-wrap\">\n\t\t\t\t\t\t\t<\/div>\n\t\t<\/div>\n\t\t\t\t<div class=\"elementor-column elementor-col-33 elementor-inner-column elementor-element elementor-element-59c05c3\" data-id=\"59c05c3\" data-element_type=\"column\">\n\t\t\t<div class=\"elementor-widget-wrap elementor-element-populated\">\n\t\t\t\t\t\t<div class=\"elementor-element elementor-element-571f9253 elementor-widget elementor-widget-text-editor\" data-id=\"571f9253\" data-element_type=\"widget\" data-widget_type=\"text-editor.default\">\n\t\t\t\t<div class=\"elementor-widget-container\">\n\t\t\t\t\t\t\t\t\t<p><strong>Saanen Bank<br \/><\/strong><\/p>\n<p>Bahnhofstra\u00dfe 2<br \/>3792 Saanen<\/p>\n<p><strong>Konto:<\/strong> 72.507.082.467.6<\/p>\n<p><strong>SWIFT:<\/strong> RBABCH22342<\/p>\n<p><strong>IBAN:<\/strong> CH98 0634 2725 0708 2467 6<\/p>\n\t\t\t\t\t\t\t\t<\/div>\n\t\t\t\t<\/div>\n\t\t\t\t\t<\/div>\n\t\t<\/div>\n\t\t\t\t<div class=\"elementor-column elementor-col-33 elementor-inner-column elementor-element elementor-element-416f8cf4\" data-id=\"416f8cf4\" data-element_type=\"column\">\n\t\t\t<div class=\"elementor-widget-wrap\">\n\t\t\t\t\t\t\t<\/div>\n\t\t<\/div>\n\t\t\t\t\t<\/div>\n\t\t<\/section>\n\t\t\t\t<div class=\"elementor-element elementor-element-3f0acb0 elementor-widget elementor-widget-text-editor\" data-id=\"3f0acb0\" data-element_type=\"widget\" data-widget_type=\"text-editor.default\">\n\t\t\t\t<div class=\"elementor-widget-container\">\n\t\t\t\t\t\t\t\t\t<p>Die Stiftung Cura Children&#8217;s Foundation ist ein im Kanton Bern eingetragener und von den Schweizer Beh\u00f6rden anerkannter gemeinn\u00fctziger Verein (CHE-287.781.346)<br \/>Auf Wunsch stellen wir Ihnen gerne eine Spendenbescheinigung f\u00fcr Ihre Steuererkl\u00e4rung aus: <a href=\"mailto:team@curachildrensfoundation.org\" target=\"_blank\" rel=\"noopener\">team@curachildrensfoundation.org<\/a><\/p>\n\t\t\t\t\t\t\t\t<\/div>\n\t\t\t\t<\/div>\n\t\t\t\t\t<\/div>\n\t\t<\/div>\n\t\t\t\t\t<\/div>\n\t\t<\/section>\n\t\t\t\t<\/div>\n\t\t","protected":false},"excerpt":{"rendered":"<p>Per Bank\u00fcberweisung Saanen Bank Bahnhofstra\u00dfe 23792 Saanen Konto: 72.507.082.467.6 SWIFT: RBABCH22342 IBAN: CH98 0634 2725 0708 2467 6 Die Stiftung Cura Children&#8217;s Foundation ist ein im Kanton Bern eingetragener und von den Schweizer Beh\u00f6rden anerkannter gemeinn\u00fctziger Verein (CHE-287.781.346)Auf Wunsch stellen wir Ihnen gerne eine Spendenbescheinigung f\u00fcr Ihre Steuererkl\u00e4rung aus: team@curachildrensfoundation.org<\/p>\n","protected":false},"author":1,"featured_media":0,"parent":0,"menu_order":0,"comment_status":"closed","ping_status":"closed","template":"elementor_header_footer","meta":{"footnotes":""},"class_list":["post-1703","page","type-page","status-publish","hentry"],"_links":{"self":[{"href":"https:\/\/curachildrensfoundation.org\/de\/wp-json\/wp\/v2\/pages\/1703","targetHints":{"allow":["GET"]}}],"collection":[{"href":"https:\/\/curachildrensfoundation.org\/de\/wp-json\/wp\/v2\/pages"}],"about":[{"href":"https:\/\/curachildrensfoundation.org\/de\/wp-json\/wp\/v2\/types\/page"}],"author":[{"embeddable":true,"href":"https:\/\/curachildrensfoundation.org\/de\/wp-json\/wp\/v2\/users\/1"}],"replies":[{"embeddable":true,"href":"https:\/\/curachildrensfoundation.org\/de\/wp-json\/wp\/v2\/comments?post=1703"}],"version-history":[{"count":0,"href":"https:\/\/curachildrensfoundation.org\/de\/wp-json\/wp\/v2\/pages\/1703\/revisions"}],"wp:attachment":[{"href":"https:\/\/curachildrensfoundation.org\/de\/wp-json\/wp\/v2\/media?parent=1703"}],"curies":[{"name":"wp","href":"https:\/\/api.w.org\/{rel}","templated":true}]}}